{"id":347,"date":"2020-11-12T21:31:29","date_gmt":"2020-11-12T21:31:29","guid":{"rendered":"https:\/\/fileboom.biz\/?page_id=347"},"modified":"2020-12-08T12:32:49","modified_gmt":"2020-12-08T12:32:49","slug":"326-2","status":"publish","type":"page","link":"https:\/\/fileboom.biz\/de\/","title":{"rendered":"Fileboom Premium Account"},"content":{"rendered":"\n<figure class=\"wp-block-image\"><img loading=\"lazy\" width=\"229\" height=\"54\" src=\"http:\/\/fileboom.biz\/wp-content\/uploads\/2020\/10\/Fileboom-logo.png\" alt=\"\" class=\"wp-image-330\"\/><\/figure>\n\n\n\n<p><strong>Fileboom<\/strong> ist ein Datei-Hosting-Dienst, der seit 2014 in Betrieb ist. Fileboom zeichnet sich durch eine schnelle Download-Geschwindigkeit und hohe Speicherzuweisungen f\u00fcr Kunden aus. Dies ist der Grund, warum dieser Datei-Hosting-Service immer noch einer der gefragtesten Datei-Hoster ist. Fileboom bietet bessere Alternativen, wenn es um Online-Speicherl\u00f6sungen geht. Mit einer \u00fcberdurchschnittlich hohen Download-Geschwindigkeit und einer l\u00e4ngeren Speicherdauer als bei den meisten anderen Diensten genie\u00dfen Fileboom-Nutzer den Service zweifellos auch mit einfachen Konten.<\/p>\n\n\n<a class=\"maxbutton-1 maxbutton maxbutton-cta\" target=\"_blank\" rel=\"nofollow noopener\" href=\"\/go\/\"><span class='mb-text'>&gt;&gt; Gehen Sie zur Original-Website Fileboom.me<\/span><\/a>\n\n\n<p><\/p>\n\n\n\n<p>Fileboom ist ein Grundnahrungsmittel, wenn es um Remote-Speicherdienste geht. Die Website wird h\u00e4ufig im Internet genutzt, um Dateien schnell unter Freunden und Kollegen auszutauschen. Der Dienst ist auch eine praktikable Form der Sicherung wichtiger Dateien mit innovativen Sicherheitsmerkmalen, um die Sicherheit der Benutzerdateien zu gew\u00e4hrleisten. W\u00e4hrend die Website haupts\u00e4chlich f\u00fcr die Dateispeicherung und den Fernzugriff genutzt wird, k\u00f6nnen die Benutzer auch online nach verschiedenen Videos aus einer Bibliothek mit vielen hochwertigen Videos suchen.<\/p>\n\n\n\n<h2>Was ist Fileboom?\ufeff<\/h2>\n\n\n\n<p><strong>Fileboom<\/strong> ist ein<a href=\"https:\/\/searchstorage.techtarget.com\/definition\/cloud-storage-service\" target=\"_blank\" rel=\"noreferrer noopener\" aria-label=\" (\u00f6ffnet in neuem Tab)\"> <\/a><strong><a href=\"https:\/\/searchstorage.techtarget.com\/definition\/cloud-storage-service\" target=\"_blank\" rel=\"noreferrer noopener\" aria-label=\" (\u00f6ffnet in neuem Tab)\">Cloud basierter Speicherdienst<\/a><\/strong> Das bedeutet, dass der Fernzugriff jederzeit m\u00f6glich ist, solange der Benutzer mit dem Internet verbunden ist. Diese Zug\u00e4nglichkeit bedeutet auch, dass ein Benutzer jederzeit und \u00fcberall die M\u00f6glichkeit hat, wichtige Dateien nach Lust und Laune hochzuladen und zu sichern. F\u00fcr Fachleute wie Fotografen oder Videofilmer kann diese Zug\u00e4nglichkeit genutzt werden, um die Effizienz bei der Arbeit zu steigern. Fileboom bietet auch strenge Sicherheitsfunktionen, um die Sicherheit seiner Benutzer zu gew\u00e4hrleisten. Funktionen wie verschl\u00fcsselter Zugang und Passwortfunktionen sind nur einige der besten Eigenschaften des Dienstes. Der Service beinhaltet auch einen Premium-Account. Der Fileboom Premium-Account ist ein Upgrade des bereits nahtlosen Dienstes und einige zus\u00e4tzliche Funktionen, die nur Besitzern von Premium-Accounts vorbehalten sind.<\/p>\n\n\n\n<h2>Fileboom Premium Funktionen<\/h2>\n\n\n\n<p>Mit einem zus\u00e4tzlichen Betrag kann ein Benutzer die Nutzung des Fileboom-Dienstes durch die Nutzung des Premium-Accounts aufwerten. Fileboom Premium bietet mehr Spielraum f\u00fcr den Dienst und erh\u00f6ht auch die M\u00f6glichkeiten des Online-Dateispeichers. Wenn der kostenlose Account n\u00fctzlich genug ist, ist der Fileboom Premium-Account definitiv auf einem anderen Niveau, wenn es um Speicherlimit, Geschwindigkeit und andere Funktionen geht.<\/p>\n\n\n\n<h3>Unbegrenzte Geschwindigkeit\ufeff<\/h3>\n\n\n\n<p>Die Download-Geschwindigkeit ist ein entscheidender Teil jedes Datei-Hosting-Dienstes. Die meisten Benutzer haben ihr Abonnement danach ausgerichtet, ob ein Datei-Hosting-Service schnell genug ist, wenn es um den Zugriff auf ihre wichtigen Dateien geht. Fileboom kostenlose Accounts sind bereits schnell genug f\u00fcr eine einfache Nutzung. Sie ist jedoch aufgrund der Netzwerkintegrit\u00e4t, die aufrechterhalten werden muss, immer noch begrenzt. Mit einem Fileboom Premium k\u00f6nnen Benutzer unbegrenzte Geschwindigkeit genie\u00dfen. Alles h\u00e4ngt von der Geschwindigkeit des Internet-Providers ab.<\/p>\n\n\n\n<h3>Eingebauter Download-Manager\ufeff<\/h3>\n\n\n\n<p>Download-Manager sind n\u00fctzliche Werkzeuge, wenn es um den Zugriff auf Dateien geht. Damit k\u00f6nnen Benutzer ihre Dateidownloads sehr einfach verwalten. Einige bieten auch <strong><a href=\"https:\/\/searchnetworking.techtarget.com\/definition\/virtual-private-network\" target=\"_blank\" rel=\"noreferrer noopener\" aria-label=\" (\u00f6ffnet in neuem Tab)\">VPN <\/a><\/strong>Dienstleistungen. Gew\u00f6hnliche Dateihoster bieten jedoch keine Unterst\u00fctzung f\u00fcr Download-Manager an. Mit Fileboom Premium k\u00f6nnen Benutzer jede Art von Download-Manager verwenden. Auch wenn die Geschwindigkeit beeintr\u00e4chtigt werden k\u00f6nnte, ist ein Tool f\u00fcr Downloads immer noch eine bessere Option als die Standard-Downloader f\u00fcr Browser.<\/p>\n\n\n\n<h3>L\u00e4ngere Speicherdauer\ufeff<\/h3>\n\n\n\n<p>Cloud-basierte Speicherdienste sind abonnementbasiert, weshalb erwartet wird, dass es nur eine Begrenzung gibt, wie lange ein Benutzer Dateien auf dem Server speichern kann. G\u00e4ngige Datei-Hoster bieten 15 Tage f\u00fcr kostenlose Benutzer. Nicht schlecht f\u00fcr die kurzfristige Nutzung, aber nicht, wenn man plant, gro\u00dfe Dateien f\u00fcr eine l\u00e4ngere Aufbewahrung zu speichern. Das kostenlose Fileboom-Konto hat eine Frist von 30 Tagen f\u00fcr alle Dateien, die auf dem Server gespeichert werden. Inhaber eines Fileboom-Premium-Kontos k\u00f6nnen jedoch einen l\u00e4ngeren Zeitraum von <strong>90 Tagen<\/strong> f\u00fcr jede Datei in Anspruch nehmen. Benutzer k\u00f6nnen Dateien in der Cloud speichern und m\u00fcssen sich keine Sorgen um die Sicherheit ihrer Dateien machen.<\/p>\n\n\n\n<h3>Mehrere Downloads auf einmal <\/h3>\n\n\n\n<p>F\u00fcr einige Benutzer ist die M\u00f6glichkeit, auf mehr als eine Datei gleichzeitig zugreifen zu k\u00f6nnen, ein gro\u00dfer Vorteil. Es erh\u00f6ht die Zug\u00e4nglichkeit f\u00fcr Benutzer. Es ist sehr \u00fcblich, dass kostenlose Konten in Datei-Hosting-Diensten jeweils nur auf eine Datei zugreifen k\u00f6nnen. Eine ziemliche Hektik, wenn man bedenkt, dass jede Datei vor Beginn des Downloads \u00fcberpr\u00fcft werden muss. Mit einem Fileboom Premium-Account k\u00f6nnen Benutzer auf eine beliebige Anzahl von Dateien aus dem Cloud-Storage zugreifen. Diese Funktion kann die Effizienz zum Beispiel an Arbeitspl\u00e4tzen erh\u00f6hen, an denen immer mehrere Dateien gleichzeitig abgerufen werden m\u00fcssen.<\/p>\n\n\n\n<h3>Keine Anzeigen\ufeff<\/h3>\n\n\n\n<p>Um Einnahmen zu erzielen, enth\u00e4lt die Website nat\u00fcrlich Anzeigen und Pop-ups. Kostenlose Benutzer sind diesen Anzeigen t\u00e4glich ausgesetzt, w\u00e4hrend sie den Datei-Hosting-Service nutzen. Mit einem Premium-Account werden die Anzeigen jedoch vollst\u00e4ndig entfernt, wodurch sichergestellt wird, dass die Benutzer den Datei-Hosting-Service reibungslos und fehlerfrei nutzen k\u00f6nnen.<\/p>\n\n\n\n<h3>H\u00f6heres Tageslimit\ufeff<\/h3>\n\n\n\n<p>Mit dem Fileboom Premium-Konto k\u00f6nnen Benutzer insgesamt <strong>Downloads im Wert von 20 GB<\/strong>jeden Tag, w\u00e4hrend der kostenlose Benutzer nur 1 Datei pro Stunde herunterladen kann. Insgesamt ist die Begrenzung auf 20 GB pro Tag effizienter, insbesondere bei mehreren Dateien.<\/p>\n\n\n<a class=\"maxbutton-1 maxbutton maxbutton-cta\" target=\"_blank\" rel=\"nofollow noopener\" href=\"\/go\/\"><span class='mb-text'>&gt;&gt; Gehen Sie zur Original-Website Fileboom.me<\/span><\/a>\n\n\n<p><\/p>\n\n\n\n<h3>Video Streaming <\/h3>\n\n\n\n<p>Nicht nur ein Cloud-basierter Speicher, sondern Fileboom bietet auch Streaming-Dienste an. Besitzer von Fileboom Premium k\u00f6nnen jedes Video direkt von der Website ansehen, ohne es herunterladen zu m\u00fcssen. Der Player unterst\u00fctzt auch <strong>HD und 4K Videos.<\/strong><\/p>\n\n\n\n<h3>Sofortige Downloads <\/h3>\n\n\n\n<p>Sie brauchen nicht zu warten, Fileboom Premium beginnt sofort mit den Downloads. Nicht wie bei kostenlosen Konten, die 30 Sekunden warten und Captchas durchlaufen m\u00fcssen.<\/p>\n\n\n\n<h3>Downloads jederzeit wieder aufnehmen\ufeff<\/h3>\n\n\n\n<p>Manchmal m\u00fcssen Dateidownloads aus welchen Gr\u00fcnden auch immer abgebrochen werden. Die Notwendigkeit, Downloads abzubrechen, insbesondere bei gro\u00dfen Dateien, ist ein \u00c4rgernis. Fileboom Premium erlaubt es jedoch, Downloads jederzeit zu unterbrechen, wenn ein Benutzer dies w\u00fcnscht.<\/p>\n\n\n\n<h3>Sicherheitsmerkmale<\/h3>\n\n\n\n<p>Die Sicherheit f\u00fcr Dateien ist ein wichtiger Faktor bei der Auswahl eines Dateihosters. Eine gute Sache, die man bedenken sollte, ist, ob der Dienst Verschl\u00fcsselung f\u00fcr jeden Dateizugriff anbietet. Die verschl\u00fcsselten Downloads von Fileboom Premium gew\u00e4hrleisten die Sicherheit und Anonymit\u00e4t der Benutzer. Die Verschl\u00fcsselung stellt sicher, dass die Identit\u00e4t und andere sensible Informationen f\u00fcr andere Parteien nicht zug\u00e4nglich sind. Sie stellt auch sicher, dass die Dateien nicht von b\u00f6swilligen Entit\u00e4ten online gestohlen werden.<\/p>\n\n\n\n<h3>Zuverl\u00e4ssige Kundenbetreuung\ufeff<\/h3>\n\n\n\n<p>Anfragen und Vorschl\u00e4ge werden durch ihren Kundendienst leicht angenommen. Wenn ein Benutzer Bedenken hat, steht der Kundendienst jederzeit \u00fcber Live-Chat, Telefonanruf und sogar per E-Mail auf der Haupt-Website zur Verf\u00fcgung.<\/p>\n\n\n\n<h2>Warum ein Fileboom Premium-Konto kaufen?\ufeff<\/h2>\n\n\n\n<figure class=\"wp-block-image\"><img loading=\"lazy\" width=\"678\" height=\"382\" src=\"http:\/\/fileboom.biz\/wp-content\/uploads\/2020\/10\/Fileboom-basic-features.png\" alt=\"Fileboom basic features\" class=\"wp-image-329\" srcset=\"https:\/\/fileboom.biz\/wp-content\/uploads\/2020\/10\/Fileboom-basic-features.png 678w, https:\/\/fileboom.biz\/wp-content\/uploads\/2020\/10\/Fileboom-basic-features-300x169.png 300w\" sizes=\"(max-width: 678px) 100vw, 678px\" \/><\/figure>\n\n\n\n<p>Fileboom Premium kann einen gro\u00dfen Vorteil f\u00fcr Arbeitspl\u00e4tze und sogar f\u00fcr Studenten bieten, die derzeit Online-Kurse belegen. Kollegen von Arbeitspl\u00e4tzen k\u00f6nnen den Dienst problemlos nutzen, um ein Netzwerk f\u00fcr die gemeinsame Nutzung wichtiger Dokumente und Dateien aufzubauen.<\/p>\n\n\n\n<p>Besitzer von Fileboom Premium-Accounts, die zuf\u00e4llig Content-Ersteller sind, k\u00f6nnen ebenfalls weitgehend vom Datei-Hosting-Service profitieren. Der schnelle Zugriff, der durch den Service ohne Geschwindigkeitsbegrenzung m\u00f6glich ist, kann die Arbeitseffizienz erh\u00f6hen, indem er ein schnelles Hoch- und Herunterladen von Dateien erm\u00f6glicht.<\/p>\n\n\n\n<p>Unternehmen k\u00f6nnen den Service auch f\u00fcr Langzeit-Backups wichtiger Dokumente nutzen, da Fileboom Premium eine Verschl\u00fcsselung f\u00fcr jeden Dateizugriff beinhaltet. Damit wird sichergestellt, dass die Dateien f\u00fcr Au\u00dfenstehende unentdeckt bleiben.<\/p>\n\n\n\n<p>Das kostenlose Konto sichert bereits einen anst\u00e4ndigen Service des Filehosters, aber die Fileboom Premium bietet den Kunden wirklich mehr. Mit zus\u00e4tzlichem Speicherplatz und unbegrenzten Geschwindigkeiten kann man die Vorteile dieser Funktionen nutzen und sie zur Produktivit\u00e4tssteigerung einsetzen. Sogar Studenten k\u00f6nnen so viele Vorteile aus dem Service ziehen.<\/p>\n\n\n\n<h2>Fileboom Premium Konto Preise<\/h2>\n\n\n\n<p>Es gibt haupts\u00e4chlich zwei Arten von Fileboom-Konten, kostenlose und Premium-Konten. Wie der Name schon sagt, ist das Basis-Konto kostenlos. Ein Monatsabonnement ist nicht erforderlich, solange der Dienst anst\u00e4ndig bleibt. Diese Art von Konto ist \u00fcblich f\u00fcr die kurzfristige Nutzung, wie z.B. die schnelle \u00dcbertragung von Dateien \u00fcber Ger\u00e4te. Dieses Konto wird auch h\u00e4ufig f\u00fcr einmalige Downloads verwendet.<\/p>\n\n\n\n<p>F\u00fcr Benutzer, die nach professionelleren Optionen suchen, ist ein Fileboom Premium-Konto der beste Weg. Mit besserem Service, wie schnellere Downloads und Unterst\u00fctzung f\u00fcr verschiedene Software, ist dieses Konto am besten f\u00fcr eine langfristige Nutzung geeignet. Benutzer k\u00f6nnen auch die Dauer des Premium-Accounts je nach ihren Bed\u00fcrfnissen und ihrem Budget w\u00e4hlen.<\/p>\n\n\n\n<table class=\"wp-block-table\"><tbody><tr><td><br><strong>30 <\/strong>Tage<\/td><td><br><strong>90 <\/strong>Tage <\/td><td><br><strong>12 <\/strong>Monate\ufeff<\/td><\/tr><tr><td><br><strong>$16.95<\/strong><\/td><td><br><strong>$41.95<\/strong><\/td><td><br><strong>$113.95<\/strong><\/td><\/tr><\/tbody><\/table>\n\n\n\n<p>Alle Fileboom Premium Funktionen sind f\u00fcr jeden Plan verf\u00fcgbar, die Dauer ist die eine; die andere Sache ist die andere.<\/p>\n\n\n\n<figure class=\"wp-block-image\"><img loading=\"lazy\" width=\"955\" height=\"310\" src=\"http:\/\/fileboom.biz\/wp-content\/uploads\/2020\/10\/Payment-options.png\" alt=\"Payment options\" class=\"wp-image-328\" srcset=\"https:\/\/fileboom.biz\/wp-content\/uploads\/2020\/10\/Payment-options.png 955w, https:\/\/fileboom.biz\/wp-content\/uploads\/2020\/10\/Payment-options-300x97.png 300w, https:\/\/fileboom.biz\/wp-content\/uploads\/2020\/10\/Payment-options-768x249.png 768w\" sizes=\"(max-width: 955px) 100vw, 955px\" \/><\/figure>\n\n\n\n<p>F\u00fcr Zahlungsoptionen akzeptiert die Website flexible Partner wie <strong>VISA, MasterCard, American Express und sogar PayPal und Bitcoin. <\/strong><\/p>\n\n\n\n<h2>Fileboom Premium: Lohnt sich der Dienst?\ufeff<\/h2>\n\n\n\n<figure class=\"wp-block-image\"><img loading=\"lazy\" width=\"755\" height=\"178\" src=\"http:\/\/fileboom.biz\/wp-content\/uploads\/2020\/10\/Service.png\" alt=\"Service\" class=\"wp-image-327\" srcset=\"https:\/\/fileboom.biz\/wp-content\/uploads\/2020\/10\/Service.png 755w, https:\/\/fileboom.biz\/wp-content\/uploads\/2020\/10\/Service-300x71.png 300w\" sizes=\"(max-width: 755px) 100vw, 755px\" \/><\/figure>\n\n\n\n<p>Heutzutage ist der Fernzugriff auf Dateien sehr wichtig, besonders jetzt, wo fast alles in Online-Transaktionen verlagert wird. Selbst f\u00fcr Arbeiten an Schulen kann ein Dienst, der eine schnellere und sicherere Speicherung von Dateien erm\u00f6glicht, eine gute Investition sein. Es gibt eine Reihe von positiven R\u00fcckmeldungen f\u00fcr den Dateihoster. Denken Sie dar\u00fcber nach, ein Dienst wird nicht so lange bestehen, wenn es keine Leute gibt, die dem Dienst vertrauen. Seit seiner Einf\u00fchrung im Jahr 2014 gibt es bereits eine Reihe von Nutzern, die nie versucht haben, zu anderen Diensten zu wechseln. Auch der Preis ist durchaus angemessen. Das kostenlose Paket ist bereits gut genug, aber Fileboom Premium setzt den Dienst auf einer anderen Ebene h\u00f6her.<\/p>\n\n\n\n<h2><strong>FAQ\u2019s<\/strong>&nbsp;<\/h2>\n\n\n\n<h3>Wie lange ist der kostenlose Service? <\/h3>\n\n\n\n<p>Es gibt keine Begrenzungen f\u00fcr das kostenlose Konto, aber die Dateispeicherung hat Begrenzungen von nur 30 Tagen Minimum f\u00fcr Dateien. <\/p>\n\n\n\n<h3>Ist der Fileboom rechtm\u00e4\u00dfig?\ufeff<\/h3>\n\n\n\n<p>Fileboom ist zu <strong>100% legal<\/strong>. Jeder Filehoster hat keine 6 Jahre Bestand, wenn der Dienst gef\u00e4lscht ist. Es gibt auch eine Reihe von Benutzern, die diese Tatsache best\u00e4tigen k\u00f6nnen. <\/p>\n\n\n\n<h3>Woher stammen die Videos von der Website?<\/h3>\n\n\n\n<p>Jedes Video auf der Website stammt von anderen Nutzern des Dienstes. Fileboom \u00fcberpr\u00fcft den Server jedoch st\u00e4ndig auf m\u00f6gliche Verst\u00f6\u00dfe gegen die Firmenpolitik, insbesondere auf pornographisches Material und andere urheberrechtlich gesch\u00fctzte Medien. <\/p>\n\n\n\n<h3>Wie hoch ist der maximale Speicherplatz f\u00fcr jedes Konto?<\/h3>\n\n\n\n<p>Derzeit betr\u00e4gt der maximale Speicherplatz pro Konto <strong>50 GB an Dateien.<\/strong> Dies schlie\u00dft auch andere Boni ein, die von der Firma selbst ge\u00e4ndert werden k\u00f6nnen.<\/p>\n\n\n\n<h3>Kann ich mein Fileboom Premium Konto mit anderen teilen?<\/h3>\n\n\n\n<p>Es gibt eine Richtlinie, die besagt, dass ein Benutzer das Konto aufgrund eines m\u00f6glichen Missbrauchs des Dienstes nicht f\u00fcr andere Personen freigeben kann, aber Benutzer k\u00f6nnen alle gew\u00fcnschten Dateien \u00fcber den Dienst freigeben.<\/p>\n\n\n<a class=\"maxbutton-1 maxbutton maxbutton-cta\" target=\"_blank\" rel=\"nofollow noopener\" href=\"\/go\/\"><span class='mb-text'>&gt;&gt; Gehen Sie zur Original-Website Fileboom.me<\/span><\/a>\n\n\n<p><br><\/p>\n","protected":false},"excerpt":{"rendered":"<p>Fileboom ist ein Datei-Hosting-Dienst, der seit 2014 in Betrieb ist. Fileboom zeichnet sich durch eine schnelle Download-Geschwindigkeit und hohe Speicherzuweisungen f\u00fcr Kunden aus. Dies ist der Grund, warum dieser Datei-Hosting-Service immer noch einer der gefragtesten Datei-Hoster ist. Fileboom bietet bessere Alternativen, wenn es um Online-Speicherl\u00f6sungen geht. Mit einer \u00fcberdurchschnittlich hohen Download-Geschwindigkeit und einer l\u00e4ngeren Speicherdauer [&hellip;]<\/p>\n","protected":false},"author":6,"featured_media":0,"parent":0,"menu_order":0,"comment_status":"closed","ping_status":"closed","template":"","meta":[],"_links":{"self":[{"href":"https:\/\/fileboom.biz\/de\/wp-json\/wp\/v2\/pages\/347"}],"collection":[{"href":"https:\/\/fileboom.biz\/de\/wp-json\/wp\/v2\/pages"}],"about":[{"href":"https:\/\/fileboom.biz\/de\/wp-json\/wp\/v2\/types\/page"}],"author":[{"embeddable":true,"href":"https:\/\/fileboom.biz\/de\/wp-json\/wp\/v2\/users\/6"}],"replies":[{"embeddable":true,"href":"https:\/\/fileboom.biz\/de\/wp-json\/wp\/v2\/comments?post=347"}],"version-history":[{"count":2,"href":"https:\/\/fileboom.biz\/de\/wp-json\/wp\/v2\/pages\/347\/revisions"}],"predecessor-version":[{"id":380,"href":"https:\/\/fileboom.biz\/de\/wp-json\/wp\/v2\/pages\/347\/revisions\/380"}],"wp:attachment":[{"href":"https:\/\/fileboom.biz\/de\/wp-json\/wp\/v2\/media?parent=347"}],"curies":[{"name":"wp","href":"https:\/\/api.w.org\/{rel}","templated":true}]}}