{"id":348,"date":"2020-11-12T19:43:09","date_gmt":"2020-11-12T19:43:09","guid":{"rendered":"https:\/\/fileboom.biz\/?page_id=348"},"modified":"2020-12-08T12:34:48","modified_gmt":"2020-12-08T12:34:48","slug":"326-2","status":"publish","type":"page","link":"https:\/\/fileboom.biz\/it\/","title":{"rendered":"Fileboom Premium Account"},"content":{"rendered":"\n<figure class=\"wp-block-image\"><img loading=\"lazy\" width=\"229\" height=\"54\" src=\"http:\/\/fileboom.biz\/wp-content\/uploads\/2020\/10\/Fileboom-logo.png\" alt=\"\" class=\"wp-image-330\"\/><\/figure>\n\n\n\n<p><strong>Fileboom<\/strong> \u00e8 un servizio di hosting di file che \u00e8 operativo dal 2014. Fileboom \u00e8 caratterizzato da una veloce velocit\u00e0 di download e da un&#8217;elevata allocazione dello storage per i clienti. Questo \u00e8 il motivo per cui questo servizio di file hosting \u00e8 ancora uno dei file hoster pi\u00f9 ricercati. Fileboom offre alternative migliori quando si tratta di soluzioni di storage online. Con velocit\u00e0 di download superiori alla media e una durata di archiviazione pi\u00f9 lunga rispetto alla maggior parte dei servizi, non c&#8217;\u00e8 dubbio che gli utenti di Fileboom usufruiscono del servizio anche sugli account di base.i, non c&#8217;\u00e8 dubbio che gli utenti di Fileboom usufruiscono del servizio anche sugli account di base.<\/p>\n\n\n<a class=\"maxbutton-1 maxbutton maxbutton-cta\" target=\"_blank\" rel=\"nofollow noopener\" href=\"\/go\/\"><span class='mb-text'>&gt;&gt; Vai al sito originale Fileboom.me<\/span><\/a>\n\n\n<p><\/p>\n\n\n\n<p>Fileboom \u00e8 stato un punto fermo quando si tratta di servizi di archiviazione remota. Il sito web \u00e8 comunemente usato su internet per condividere rapidamente i file tra amici e colleghi di lavoro. Il servizio \u00e8 anche una buona forma di backup per i file importanti, con caratteristiche di sicurezza innovative per garantire la sicurezza dei file degli utenti. Mentre l&#8217;uso principale del sito web \u00e8 per l&#8217;archiviazione dei file e l&#8217;accesso remoto, gli utenti possono anche cercare diversi video online da una biblioteca di molti video di alta qualit\u00e0.he cercare diversi video online da una biblioteca di molti video di alta qualit\u00e0.<\/p>\n\n\n\n<h2>Cos&#8217;\u00e8 Fileboom?<\/h2>\n\n\n\n<p><strong>Fileboom<\/strong>\u00e8 un <strong><a href=\"https:\/\/searchstorage.techtarget.com\/definition\/cloud-storage-service\" target=\"_blank\" rel=\"noreferrer noopener\" aria-label=\"servizio di storage basato su cloud (\u00f6ffnet in neuem Tab)\">servizio di storage basato su cloud<\/a><\/strong>. Significa che si pu\u00f2 accedere a distanza in qualsiasi momento, purch\u00e9 l&#8217;utente sia connesso a Internet. Questa accessibilit\u00e0 significa anche che, in qualsiasi momento e in qualsiasi luogo, l&#8217;utente ha la possibilit\u00e0 di caricare e fare il backup di file importanti a suo piacimento. Per i professionisti come fotografi o videografi, questa accessibilit\u00e0 pu\u00f2 essere sfruttata per aumentare l&#8217;efficienza sul lavoro. Fileboom offre anche robuste funzioni di sicurezza per garantire la sicurezza dei suoi utenti. Caratteristiche come l&#8217;accesso criptato e la possibilit\u00e0 di inserire una password sono solo alcune delle migliori qualit\u00e0 del servizio. Il servizio include anche un account Premium, L&#8217;account Premium di Fileboom \u00e8 un aggiornamento al servizio gi\u00e0 senza soluzione di continuit\u00e0 e alcune caratteristiche aggiuntive aggiuntive esclusive solo per i proprietari di account Premium. <\/p>\n\n\n\n<h2>Caratteristiche Premium Fileboom\ufeff<\/h2>\n\n\n\n<p>Con qualche importo extra, un utente pu\u00f2 aggiornare l&#8217;utilizzo del servizio Fileboom utilizzando l&#8217;account Premium. Fileboom Premium offre un maggiore margine di manovra per il servizio e aumenta anche le capacit\u00e0 di archiviazione dei file online. Se l&#8217;account gratuito \u00e8 abbastanza utile, l&#8217;account Premium di Fileboom \u00e8 sicuramente su un altro livello quando si tratta di limite di archiviazione, velocit\u00e0 e altre caratteristiche.<\/p>\n\n\n\n<h3>Velocit\u00e0 illimitata\ufeff<\/h3>\n\n\n\n<p>La velocit\u00e0 di download \u00e8 una parte cruciale di qualsiasi servizio di file hosting. La maggior parte degli utenti ha basato il proprio abbonamento sul fatto che un servizio di file hosting sia abbastanza veloce quando si tratta di accedere ai propri file importanti. Gli account gratuiti Fileboom sono gi\u00e0 abbastanza veloci per un semplice utilizzo. Ma \u00e8 ancora limitata a causa dell&#8217;integrit\u00e0 della rete che deve essere mantenuta. Avere un Fileboom Premium permette agli utenti di godere di una velocit\u00e0 illimitata. Tutto si basa sulla velocit\u00e0 dell&#8217;internet provider.<\/p>\n\n\n\n<h3>Download Manager integrato<\/h3>\n\n\n\n<p>I gestori di download sono strumenti utili quando si tratta di accedere ai file. Permette agli utenti di gestire i loro download di file molto facilmente. Alcuni offrono anche <strong><a href=\"https:\/\/searchnetworking.techtarget.com\/definition\/virtual-private-network\" target=\"_blank\" rel=\"noreferrer noopener\" aria-label=\"VPN (\u00f6ffnet in neuem Tab)\">VPN<\/a><\/strong><a href=\"https:\/\/searchnetworking.techtarget.com\/definition\/virtual-private-network\"><strong> <\/strong><\/a>servizi. Ma i comuni hoster di file non hanno il supporto disponibile per i gestori di download. Fileboom Premium consente agli utenti di utilizzare qualsiasi tipo di download manager. Anche se la velocit\u00e0 potrebbe essere compromessa, avere uno strumento per i download \u00e8 comunque un&#8217;opzione migliore rispetto ai downloader di default per i browser.<\/p>\n\n\n\n<h3>Durata di conservazione pi\u00f9 lunga\ufeff<\/h3>\n\n\n\n<p>I servizi di storage basati su cloud sono basati su abbonamento, per questo motivo ci si aspetta che ci sia solo un limite a quanto tempo un utente pu\u00f2 archiviare i file nel server. I comuni file hoster offrono 15 giorni per gli utenti gratuiti. Non male per un utilizzo a breve termine, ma non se si prevede di memorizzare file di grandi dimensioni per una conservazione pi\u00f9 lunga. L&#8217;account gratuito Fileboom ha un periodo di 30 giorni per tutti i file che vengono salvati nel server. Ma i titolari di un account Fileboom Premium possono godere di un periodo pi\u00f9 lungo di <strong>90 giorni<\/strong> per ogni file. Gli utenti possono salvare i file nel cloud e non si preoccupano della sicurezza dei loro file.<\/p>\n\n\n\n<h3>Download multipli alla volta <\/h3>\n\n\n\n<p>Per alcuni utenti, avere la possibilit\u00e0 di accedere a pi\u00f9 di un singolo file alla volta \u00e8 un grande vantaggio. Aumenta l&#8217;accessibilit\u00e0 per gli utenti. \u00c8 molto comune che gli account gratuiti nei servizi di file hosting siano in grado di accedere a un solo file alla volta. Un bel po&#8217; di confusione, dato che ogni file ha bisogno di verifiche prima di iniziare il download. L&#8217;account Fileboom Premium consente agli utenti di accedere a qualsiasi numero di file dal cloud storage. Questa funzione pu\u00f2 aumentare l&#8217;efficienza, ad esempio, nei luoghi di lavoro in cui \u00e8 sempre necessario accedere a pi\u00f9 file contemporaneamente.<\/p>\n\n\n\n<h3>Nessun annuncio\ufeff<\/h3>\n\n\n\n<p>Naturalmente, per guadagnare un po&#8217; di entrate, il sito web contiene annunci e popup. Gli utenti gratuiti sono sottoposti a questi annunci su base giornaliera mentre utilizzano il servizio di file hosting. Avere un account Premium rimuove completamente gli annunci, tuttavia, facendo in modo che gli utenti possano avere un utilizzo fluido e senza problemi del servizio di file hosting.<\/p>\n\n\n\n<h3>Limite giornaliero pi\u00f9 alto\ufeff<\/h3>\n\n\n\n<p>Con l&#8217;account Fileboom Premium, gli utenti possono godere di un totale di <strong>20 GB di download<\/strong> ogni giorno, mentre l&#8217;utente gratuito pu\u00f2 scaricare solo 1 file all&#8217;ora. In totale, il limite di 20GB al giorno \u00e8 pi\u00f9 efficiente, soprattutto per pi\u00f9 file.<\/p>\n\n\n<a class=\"maxbutton-1 maxbutton maxbutton-cta\" target=\"_blank\" rel=\"nofollow noopener\" href=\"\/go\/\"><span class='mb-text'>&gt;&gt; Vai al sito originale Fileboom.me<\/span><\/a>\n\n\n<p><\/p>\n\n\n\n<h3>Streaming video <\/h3>\n\n\n\n<p>Non solo uno storage basato su cloud, ma Fileboom offre anche servizi di streaming. I proprietari di Fileboom Premium possono guardare direttamente qualsiasi video dal sito web, senza bisogno di scaricarlo. Il lettore supporta anche <strong>video in HD e 4K.<\/strong><\/p>\n\n\n\n<h3>Download istantaneo <\/h3>\n\n\n\n<p>Non c&#8217;\u00e8 bisogno di aspettare, Fileboom Premium inizia immediatamente i suoi download. Non come gli account gratuiti che devono aspettare 30 secondi e passare attraverso le captchas.<\/p>\n\n\n\n<h3>Riprendere il download in qualsiasi momento\ufeff<\/h3>\n\n\n\n<p>A volte, i download di file devono essere cancellati per qualsiasi motivo. Avere la necessit\u00e0 di cancellare qualsiasi download, specialmente quelli di grandi dimensioni, \u00e8 una seccatura. Tuttavia, Fileboom Premium permette di mettere in pausa i download ogni volta che un utente lo desidera.<\/p>\n\n\n\n<h3>Caratteristiche di sicurezza\ufeff<\/h3>\n\n\n\n<p>La sicurezza dei file \u00e8 un fattore importante nella scelta di un file hoster. Una cosa buona da considerare \u00e8 se il servizio offre la crittografia ad ogni accesso ai file. I download criptati di Fileboom Premium garantiscono la sicurezza e l&#8217;anonimato degli utenti. La crittografia assicura che l&#8217;identit\u00e0 e altre informazioni sensibili non siano disponibili per altre parti. Assicura inoltre che i file non vengano rubati da entit\u00e0 malintenzionate online.<\/p>\n\n\n\n<h3>Assistenza clienti affidabile<\/h3>\n\n\n\n<p>Richieste e suggerimenti sono facilmente accettabili attraverso il servizio clienti. Se un utente ha dei dubbi, il Servizio Clienti \u00e8 sempre disponibile tramite live chat, telefonate e persino e-mail sul sito web principale.<\/p>\n\n\n\n<h2>Perch\u00e9 acquistare un account Fileboom Premium?<\/h2>\n\n\n\n<figure class=\"wp-block-image\"><img loading=\"lazy\" width=\"678\" height=\"382\" src=\"http:\/\/fileboom.biz\/wp-content\/uploads\/2020\/10\/Fileboom-basic-features.png\" alt=\"Fileboom basic features\" class=\"wp-image-329\" srcset=\"https:\/\/fileboom.biz\/wp-content\/uploads\/2020\/10\/Fileboom-basic-features.png 678w, https:\/\/fileboom.biz\/wp-content\/uploads\/2020\/10\/Fileboom-basic-features-300x169.png 300w\" sizes=\"(max-width: 678px) 100vw, 678px\" \/><\/figure>\n\n\n\n<p>Fileboom Premium pu\u00f2 dare un grande vantaggio ai luoghi di lavoro e anche per gli studenti che attualmente frequentano corsi online. I colleghi di lavoro possono facilmente utilizzare il servizio per avere una rete per la condivisione di documenti e file importanti.<\/p>\n\n\n\n<p>Anche i proprietari di account Fileboom Premium che sono creatori di contenuti possono beneficiare ampiamente del servizio di file hosting. Il rapido accesso possibile grazie al fatto che il servizio non ha limiti di velocit\u00e0 pu\u00f2 aumentare la propria efficienza lavorativa consentendo un rapido upload e download dei file.<\/p>\n\n\n\n<p>Le aziende possono anche utilizzare il servizio per il backup a lungo termine di documenti importanti Poich\u00e9 Fileboom Premium include la crittografia ad ogni accesso ai file. In questo modo si assicura che i file non vengano scoperti da terzi.<\/p>\n\n\n\n<p>Avere l&#8217;account gratuito garantisce gi\u00e0 un servizio decente da parte del file hoster, ma il Fileboom Premium offre davvero di pi\u00f9 ai clienti. Con l&#8217;aggiunta di spazio di archiviazione e velocit\u00e0 illimitate, si possono sfruttare queste caratteristiche e utilizzarle per aumentare la produttivit\u00e0. Anche gli studenti possono trarre un grande vantaggio dal servizio.<\/p>\n\n\n\n<h2>Prezzi del conto Fileboom Premium<\/h2>\n\n\n\n<p>Ci sono principalmente due tipi di conti Fileboom, gratuiti e premium. Come il nome implica che l&#8217;account di base \u00e8 gratuito. Non c&#8217;\u00e8 bisogno di un abbonamento mensile finch\u00e9 il servizio rimane decente. Questo tipo di account \u00e8 comune per l&#8217;utilizzo a breve termine, come il trasferimento rapido di file attraverso i dispositivi. Questo \u00e8 anche comunemente usato per i download una tantum.<\/p>\n\n\n\n<p>Per gli utenti che cercano opzioni pi\u00f9 professionali, un account Fileboom Premium \u00e8 la soluzione migliore. Con un servizio migliore, come download pi\u00f9 veloci e supporto per diversi software vari, questo account \u00e8 il migliore per un utilizzo a lungo termine. Gli utenti possono anche scegliere la durata dell&#8217;account Premium a seconda delle loro esigenze e del loro budget.<\/p>\n\n\n\n<table class=\"wp-block-table\"><tbody><tr><td><br><strong>30 Giorni<\/strong><\/td><td><br><strong>90 Giorni<\/strong><\/td><td><br><strong>12 mesi<\/strong><\/td><\/tr><tr><td><br><strong>$16.95<\/strong><\/td><td><br><strong>$41.95<\/strong><\/td><td><br><strong>$113.95<\/strong><\/td><\/tr><\/tbody><\/table>\n\n\n\n<p>Tutte le funzionalit\u00e0 di Fileboom Premium sono disponibili per ogni piano, la durata \u00e8 l&#8217;on;y cosa che \u00e8 diversa.<\/p>\n\n\n\n<figure class=\"wp-block-image\"><img loading=\"lazy\" width=\"955\" height=\"310\" src=\"http:\/\/fileboom.biz\/wp-content\/uploads\/2020\/10\/Payment-options.png\" alt=\"Payment options\" class=\"wp-image-328\" srcset=\"https:\/\/fileboom.biz\/wp-content\/uploads\/2020\/10\/Payment-options.png 955w, https:\/\/fileboom.biz\/wp-content\/uploads\/2020\/10\/Payment-options-300x97.png 300w, https:\/\/fileboom.biz\/wp-content\/uploads\/2020\/10\/Payment-options-768x249.png 768w\" sizes=\"(max-width: 955px) 100vw, 955px\" \/><\/figure>\n\n\n\n<p>Per le opzioni di pagamento, il sito web accetta partner flessibili come VISA, MasterCard, American Express e anche PayPal e Bitcoin<strong>.<\/strong>&nbsp;<\/p>\n\n\n\n<h2><strong>Fileboom Premium: <\/strong>Il servizio vale la pena?<\/h2>\n\n\n\n<figure class=\"wp-block-image\"><img loading=\"lazy\" width=\"755\" height=\"178\" src=\"http:\/\/fileboom.biz\/wp-content\/uploads\/2020\/10\/Service.png\" alt=\"Service\" class=\"wp-image-327\" srcset=\"https:\/\/fileboom.biz\/wp-content\/uploads\/2020\/10\/Service.png 755w, https:\/\/fileboom.biz\/wp-content\/uploads\/2020\/10\/Service-300x71.png 300w\" sizes=\"(max-width: 755px) 100vw, 755px\" \/><\/figure>\n\n\n\n<p>Al giorno d&#8217;oggi l&#8217;accesso remoto ai file \u00e8 molto importante, soprattutto ora che quasi tutto si sta trasformando in transazioni online. Anche per i lavori scolastici, avere un servizio che consenta un&#8217;archiviazione dei file pi\u00f9 veloce e sicura pu\u00f2 essere un buon investimento. Ci sono una serie di feedback positivi per l&#8217;hoster dei file. Pensateci, un servizio non durer\u00e0 cos\u00ec a lungo se non ci sono persone che si fidano del servizio. Dal suo inizio nel 2014, ci sono gi\u00e0 un certo numero di utenti che non hanno mai tentato di passare ad altri servizi. Anche il prezzo \u00e8 abbastanza ragionevole. Il pacchetto gratuito \u00e8 gi\u00e0 abbastanza buono, ma Fileboom Premium imposta il servizio su un altro livello.<\/p>\n\n\n\n<h2><strong>FAQ\u2019s<\/strong>&nbsp;<\/h2>\n\n\n\n<h3>Quanto dura il servizio gratuito? <\/h3>\n\n\n\n<p>Non ci sono limiti all&#8217;account gratuito, ma l&#8217;archiviazione dei file ha limiti di soli 30 giorni minimi per i file. <\/p>\n\n\n\n<h3>Il Fileboom \u00e8 legale?<\/h3>\n\n\n\n<p>Fileboom \u00e8 l<strong>egale al 100%.<\/strong> Qualsiasi file hoster non durer\u00e0 per 6 anni se il servizio \u00e8 falso. Ci sono anche un certo numero di utenti che possono sostenere questo fatto. <\/p>\n\n\n\n<h3>Da dove provengono i video del sito web?<\/h3>\n\n\n\n<p>Ogni video sul sito web \u00e8 stato realizzato da altri utenti del servizio. Tuttavia, Fileboom controlla costantemente il server alla ricerca di possibili violazioni della politica aziendale, in particolare per quanto riguarda il materiale pornografico e altri media protetti da copyright. <\/p>\n\n\n\n<h3>Qual \u00e8 la memoria massima per ogni conto?<\/h3>\n\n\n\n<p>Attualmente, l&#8217;archiviazione massima per conto \u00e8 50GB di file. Sono compresi anche altri bonus soggetti a modifiche da parte della societ\u00e0 stessa.<\/p>\n\n\n\n<h3>Posso condividere il mio account Fileboom Premium?<\/h3>\n\n\n\n<p>Esiste una politica secondo la quale un utente non pu\u00f2 condividere l&#8217;account con altre persone a causa di possibili abusi del servizio, ma gli utenti possono condividere tutti i file che vogliono attraverso il servizio.<\/p>\n\n\n<a class=\"maxbutton-1 maxbutton maxbutton-cta\" target=\"_blank\" rel=\"nofollow noopener\" href=\"\/go\/\"><span class='mb-text'>&gt;&gt; Vai al sito originale Fileboom.me<\/span><\/a>\n\n\n<p><br><\/p>\n","protected":false},"excerpt":{"rendered":"<p>Fileboom \u00e8 un servizio di hosting di file che \u00e8 operativo dal 2014. Fileboom \u00e8 caratterizzato da una veloce velocit\u00e0 di download e da un&#8217;elevata allocazione dello storage per i clienti. Questo \u00e8 il motivo per cui questo servizio di file hosting \u00e8 ancora uno dei file hoster pi\u00f9 ricercati. Fileboom offre alternative migliori quando [&hellip;]<\/p>\n","protected":false},"author":6,"featured_media":0,"parent":0,"menu_order":0,"comment_status":"closed","ping_status":"closed","template":"","meta":[],"_links":{"self":[{"href":"https:\/\/fileboom.biz\/it\/wp-json\/wp\/v2\/pages\/348"}],"collection":[{"href":"https:\/\/fileboom.biz\/it\/wp-json\/wp\/v2\/pages"}],"about":[{"href":"https:\/\/fileboom.biz\/it\/wp-json\/wp\/v2\/types\/page"}],"author":[{"embeddable":true,"href":"https:\/\/fileboom.biz\/it\/wp-json\/wp\/v2\/users\/6"}],"replies":[{"embeddable":true,"href":"https:\/\/fileboom.biz\/it\/wp-json\/wp\/v2\/comments?post=348"}],"version-history":[{"count":3,"href":"https:\/\/fileboom.biz\/it\/wp-json\/wp\/v2\/pages\/348\/revisions"}],"predecessor-version":[{"id":381,"href":"https:\/\/fileboom.biz\/it\/wp-json\/wp\/v2\/pages\/348\/revisions\/381"}],"wp:attachment":[{"href":"https:\/\/fileboom.biz\/it\/wp-json\/wp\/v2\/media?parent=348"}],"curies":[{"name":"wp","href":"https:\/\/api.w.org\/{rel}","templated":true}]}}