{"id":350,"date":"2020-11-12T20:44:19","date_gmt":"2020-11-12T20:44:19","guid":{"rendered":"https:\/\/fileboom.biz\/?page_id=350"},"modified":"2020-12-08T12:36:56","modified_gmt":"2020-12-08T12:36:56","slug":"326-2","status":"publish","type":"page","link":"https:\/\/fileboom.biz\/pl\/","title":{"rendered":"Fileboom Premium Account"},"content":{"rendered":"\n<figure class=\"wp-block-image\"><img loading=\"lazy\" width=\"229\" height=\"54\" src=\"http:\/\/fileboom.biz\/wp-content\/uploads\/2020\/10\/Fileboom-logo.png\" alt=\"\" class=\"wp-image-330\"\/><\/figure>\n\n\n\n<p><strong>Fileboom<\/strong> to us\u0142uga hostingu plik\u00f3w, kt\u00f3ra dzia\u0142a od 2014 roku. Fileboom charakteryzuje si\u0119 du\u017c\u0105 szybko\u015bci\u0105 pobierania i wysokim przydzia\u0142em pami\u0119ci masowej dla klient\u00f3w. To jest pow\u00f3d, dla kt\u00f3rego ta us\u0142uga hostingu plik\u00f3w jest nadal jednym z najbardziej poszukiwanych hoster\u00f3w plik\u00f3w. Fileboom daje lepsze alternatywy, je\u015bli chodzi o rozwi\u0105zania pami\u0119ci masowej online. Z wi\u0119ksz\u0105 ni\u017c \u015brednia pr\u0119dko\u015bci\u0105 pobierania i d\u0142u\u017cszym czasem przechowywania ni\u017c wi\u0119kszo\u015b\u0107 us\u0142ug, nie ma w\u0105tpliwo\u015bci, \u017ce u\u017cytkownicy Fileboom korzystaj\u0105 z tej us\u0142ugi nawet na podstawowych kontach.<\/p>\n\n\n<a class=\"maxbutton-1 maxbutton maxbutton-cta\" target=\"_blank\" rel=\"nofollow noopener\" href=\"\/go\/\"><span class='mb-text'>&gt;&gt; Wejd\u017a na oryginaln\u0105 stron\u0119 Fileboom.me<\/span><\/a>\n\n\n<p><\/p>\n\n\n\n<p>Fileboom to zszywka, je\u015bli chodzi o us\u0142ugi zdalnego przechowywania danych. Witryna ta jest powszechnie u\u017cywana w Internecie do szybkiego udost\u0119pniania plik\u00f3w znajomym i wsp\u00f3\u0142pracownikom. Us\u0142uga ta jest r\u00f3wnie\u017c realn\u0105 form\u0105 tworzenia kopii zapasowych wa\u017cnych plik\u00f3w, z innowacyjnymi zabezpieczeniami zapewniaj\u0105cymi bezpiecze\u0144stwo plik\u00f3w u\u017cytkownik\u00f3w. Podczas gdy g\u0142\u00f3wnym zastosowaniem serwisu jest przechowywanie plik\u00f3w i zdalny dost\u0119p do nich, u\u017cytkownicy mog\u0105 r\u00f3wnie\u017c wyszukiwa\u0107 w Internecie r\u00f3\u017cne pliki wideo z biblioteki zawieraj\u0105cej wiele wysokiej jako\u015bci film\u00f3w.<\/p>\n\n\n\n<h2>Co to jest Fileboom?<\/h2>\n\n\n\n<p><strong>Fileboom<\/strong> jest <strong><a href=\"https:\/\/searchstorage.techtarget.com\/definition\/cloud-storage-service\" target=\"_blank\" rel=\"noreferrer noopener\" aria-label=\" (\u00f6ffnet in neuem Tab)\">us\u0142uga magazynowania w chmurze<\/a><\/strong>. Oznacza to, \u017ce mo\u017cna do niego uzyska\u0107 zdalny dost\u0119p w ka\u017cdej chwili, o ile u\u017cytkownik jest pod\u0142\u0105czony do Internetu. Dost\u0119pno\u015b\u0107 ta oznacza r\u00f3wnie\u017c, \u017ce w dowolnym czasie i miejscu u\u017cytkownik ma mo\u017cliwo\u015b\u0107 wysy\u0142ania i tworzenia kopii zapasowych wa\u017cnych plik\u00f3w wed\u0142ug w\u0142asnego uznania. Dla profesjonalist\u00f3w, takich jak fotografowie lub kamerzy\u015bci, dost\u0119pno\u015b\u0107 ta mo\u017ce zosta\u0107 wykorzystana w celu zwi\u0119kszenia wydajno\u015bci pracy. Fileboom oferuje r\u00f3wnie\u017c solidne zabezpieczenia, aby zapewni\u0107 bezpiecze\u0144stwo swoim u\u017cytkownikom. Funkcje takie jak szyfrowany dost\u0119p i mo\u017cliwo\u015b\u0107 wprowadzania hase\u0142 to tylko niekt\u00f3re z najlepszych cech us\u0142ugi. Us\u0142uga zawiera tak\u017ce konto Premium, konto Premium Fileboom Premium jest uaktualnieniem do i tak ju\u017c bezproblemowej us\u0142ugi i kilka dodatkowych funkcji, kt\u00f3re s\u0105 dost\u0119pne tylko dla w\u0142a\u015bcicieli kont Premium.<\/p>\n\n\n\n<h2>Funkcjonalno\u015bci Fileboom Premium\ufeff<\/h2>\n\n\n\n<p>Za dodatkow\u0105 op\u0142at\u0105, u\u017cytkownik mo\u017ce ulepszy\u0107 korzystanie z us\u0142ugi Fileboom, korzystaj\u0105c z konta Premium. Fileboom Premium oferuje wi\u0119ksz\u0105 swobod\u0119 w korzystaniu z us\u0142ugi, a tak\u017ce zwi\u0119ksza mo\u017cliwo\u015bci przechowywania plik\u00f3w online. Je\u015bli darmowe konto jest wystarczaj\u0105co u\u017cyteczne, to konto Fileboom Premium jest zdecydowanie na innym poziomie, je\u015bli chodzi o limit pami\u0119ci, szybko\u015b\u0107 i inne funkcje.<\/p>\n\n\n\n<h3>Nieograniczona pr\u0119dko\u015b\u0107\ufeff<\/h3>\n\n\n\n<p>Szybko\u015b\u0107 pobierania jest kluczowym elementem ka\u017cdej us\u0142ugi hostingu plik\u00f3w. Wi\u0119kszo\u015b\u0107 u\u017cytkownik\u00f3w opiera\u0142a swoj\u0105 subskrypcj\u0119 na tym, czy us\u0142uga hostingu plik\u00f3w jest wystarczaj\u0105co szybka, je\u015bli chodzi o dost\u0119p do ich wa\u017cnych plik\u00f3w. Bezp\u0142atne konta Fileboom s\u0105 ju\u017c na tyle szybkie, \u017ce mo\u017cna z nich \u0142atwo korzysta\u0107. Jednak jest to nadal ograniczone ze wzgl\u0119du na integralno\u015b\u0107 sieci, kt\u00f3ra musi by\u0107 utrzymywana. Posiadanie konta Fileboom Premium pozwala u\u017cytkownikom cieszy\u0107 si\u0119 nieograniczon\u0105 szybko\u015bci\u0105. Wszystko opiera si\u0119 na pr\u0119dko\u015bci dostawcy Internetu.<\/p>\n\n\n\n<h3>Wbudowany mened\u017cer pobierania\ufeff<\/h3>\n\n\n\n<p>Mened\u017cery pobierania s\u0105 u\u017cytecznymi narz\u0119dziami, je\u015bli chodzi o dost\u0119p do plik\u00f3w. Umo\u017cliwiaj\u0105 one u\u017cytkownikom bardzo \u0142atwe zarz\u0105dzanie pobieraniem plik\u00f3w. Niekt\u00f3re z nich oferuj\u0105 r\u00f3wnie\u017c <a href=\"https:\/\/searchnetworking.techtarget.com\/definition\/virtual-private-network\"><strong>VPN <\/strong><\/a>Us\u0142ugi. Ale popularne hosty plik\u00f3w nie maj\u0105 dost\u0119pnego wsparcia dla mened\u017cer\u00f3w pobierania. Fileboom Premium umo\u017cliwia u\u017cytkownikom korzystanie z dowolnego rodzaju mened\u017cera pobierania. Chocia\u017c pr\u0119dko\u015b\u0107 pobierania mo\u017ce by\u0107 ograniczona, posiadanie narz\u0119dzia do pobierania jest nadal lepsz\u0105 opcj\u0105 ni\u017c domy\u015blne programy do pobierania w przegl\u0105darkach.<\/p>\n\n\n\n<h3>D\u0142u\u017cszy okres przechowywania\ufeff<\/h3>\n\n\n\n<p>Us\u0142ugi pami\u0119ci masowej w chmurze s\u0105 oparte na subskrypcji, dlatego te\u017c oczekuje si\u0119, \u017ce istnieje tylko limit czasu, w jakim u\u017cytkownik mo\u017ce przechowywa\u0107 pliki na serwerze. Powszechne hosty plik\u00f3w oferuj\u0105 15 dni dla u\u017cytkownik\u00f3w darmowych. Nie jest to z\u0142e w przypadku kr\u00f3tkotrwa\u0142ego u\u017cytkowania, ale nie w przypadku, gdy planuje si\u0119 przechowywanie du\u017cych plik\u00f3w w celu d\u0142u\u017cszego ich przechowywania. Darmowe konto Fileboom ma przydzielony okres 30 dni dla wszystkich plik\u00f3w, kt\u00f3re s\u0105 zapisywane na serwerze. Ale posiadacze kont Premium Fileboom mog\u0105 cieszy\u0107 si\u0119 d\u0142u\u017cszym okresem 90 dni w przypadku ka\u017cdego pliku. U\u017cytkownicy mog\u0105 zapisywa\u0107 pliki w chmurze i nie martwi\u0105 si\u0119 o bezpiecze\u0144stwo swoich plik\u00f3w.<\/p>\n\n\n\n<h3>Wielokrotne pobieranie na raz <\/h3>\n\n\n\n<p>Dla niekt\u00f3rych u\u017cytkownik\u00f3w mo\u017cliwo\u015b\u0107 dost\u0119pu do wi\u0119cej ni\u017c jednego pliku w tym samym czasie jest wielk\u0105 zalet\u0105. Zwi\u0119ksza to dost\u0119pno\u015b\u0107 dla u\u017cytkownik\u00f3w. Bardzo cz\u0119sto zdarza si\u0119, \u017ce darmowe konta w us\u0142ugach hostingu plik\u00f3w maj\u0105 dost\u0119p tylko do jednego pliku w tym samym czasie. Do\u015b\u0107 po\u015bpiechu, bior\u0105c pod uwag\u0119, \u017ce ka\u017cdy plik wymaga weryfikacji przed rozpocz\u0119ciem pobierania. Konto Fileboom Premium umo\u017cliwia u\u017cytkownikom dost\u0119p do dowolnej liczby plik\u00f3w z pami\u0119ci masowej w chmurze. Ta funkcja mo\u017ce zwi\u0119kszy\u0107 wydajno\u015b\u0107, na przyk\u0142ad w miejscach pracy, gdzie zawsze potrzebny jest dost\u0119p do wielu plik\u00f3w jednocze\u015bnie.<\/p>\n\n\n\n<h3>Nie ma reklam<\/h3>\n\n\n\n<p>Oczywi\u015bcie, aby uzyska\u0107 pewne dochody, strona zawiera reklamy i popupy. Wolni u\u017cytkownicy s\u0105 przedmiotem tych reklam na co dzie\u0144, podczas gdy oni korzystaj\u0105 z us\u0142ugi hostingu plik\u00f3w. Posiadanie konta Premium ca\u0142kowicie usuwa reklamy, jednak upewniaj\u0105c si\u0119, \u017ce u\u017cytkownicy mog\u0105 mie\u0107 p\u0142ynne i bezb\u0142\u0119dne korzystanie z us\u0142ugi hostingu plik\u00f3w.<\/p>\n\n\n\n<h3>Wy\u017cszy Limit Dzienny\ufeff<\/h3>\n\n\n\n<p>Z kontem Fileboom Premium, u\u017cytkownicy mog\u0105 cieszy\u0107 si\u0119 w sumie <strong>20GB warto\u015bci pobranych plik\u00f3w<\/strong> Ka\u017cdego dnia, podczas gdy bezp\u0142atny u\u017cytkownik mo\u017ce pobra\u0107 tylko 1 plik na godzin\u0119. W sumie limit 20GB na dzie\u0144 jest bardziej efektywny, zw\u0142aszcza w przypadku wielu plik\u00f3w.<\/p>\n\n\n<a class=\"maxbutton-1 maxbutton maxbutton-cta\" target=\"_blank\" rel=\"nofollow noopener\" href=\"\/go\/\"><span class='mb-text'>&gt;&gt; Wejd\u017a na oryginaln\u0105 stron\u0119 Fileboom.me<\/span><\/a>\n\n\n<p><\/p>\n\n\n\n<h3>Transmisja strumieniowa wideo <\/h3>\n\n\n\n<p>Nie tylko pami\u0119\u0107 masowa oparta na chmurze, ale Fileboom oferuje r\u00f3wnie\u017c us\u0142ugi strumieniowego przesy\u0142ania danych. W\u0142a\u015bciciele Fileboom Premium mog\u0105 bezpo\u015brednio ogl\u0105da\u0107 dowolny film z witryny, bez konieczno\u015bci jego pobierania. Odtwarzacz obs\u0142uguje r\u00f3wnie\u017c <strong>filmy HD i 4K.<\/strong><\/p>\n\n\n\n<h3>Natychmiastowe pobieranie <\/h3>\n\n\n\n<p>Nie ma potrzeby czeka\u0107, Fileboom Premium natychmiast rozpoczyna pobieranie plik\u00f3w. Nie tak jak darmowe konta, kt\u00f3re musz\u0105 poczeka\u0107 30 sekund i przej\u015b\u0107 przez captchas.<\/p>\n\n\n\n<h3>Wznawianie pobierania w dowolnym momencie\ufeff<\/h3>\n\n\n\n<p>Czasami pobieranie plik\u00f3w musi by\u0107 anulowane z jakiegokolwiek powodu. Konieczno\u015b\u0107 anulowania wszelkich pobra\u0144, zw\u0142aszcza tych, kt\u00f3re maj\u0105 du\u017ce rozmiary, jest k\u0142opotliwa. Jednak\u017ce, Fileboom Premium pozwala na wstrzymanie pobierania w dowolnym momencie.<\/p>\n\n\n\n<h3>Cechy bezpiecze\u0144stwa\ufeff<\/h3>\n\n\n\n<p>Bezpiecze\u0144stwo plik\u00f3w jest wa\u017cnym czynnikiem przy wyborze hostera plik\u00f3w. Jedn\u0105 z dobrych rzeczy do rozwa\u017cenia jest to, czy us\u0142uga oferuje szyfrowanie do ka\u017cdego dost\u0119pu do pliku. Zaszyfrowane pobieranie plik\u00f3w w us\u0142udze Fileboom Premium zapewnia bezpiecze\u0144stwo i anonimowo\u015b\u0107 u\u017cytkownik\u00f3w. Szyfrowanie zapewnia, \u017ce to\u017csamo\u015b\u0107 i inne poufne informacje nie b\u0119d\u0105 dost\u0119pne dla innych os\u00f3b. Gwarantuje r\u00f3wnie\u017c, \u017ce pliki nie zostan\u0105 skradzione przez z\u0142o\u015bliwe podmioty w Internecie.<\/p>\n\n\n\n<h3>Niezawodna obs\u0142uga klienta\ufeff<\/h3>\n\n\n\n<p>Zapytania i sugestie s\u0105 \u0142atwo akceptowane przez ich obs\u0142ug\u0119 klienta. Je\u015bli u\u017cytkownik ma w\u0105tpliwo\u015bci, obs\u0142uga klienta jest zawsze dost\u0119pna poprzez czat na \u017cywo, rozmow\u0119 telefoniczn\u0105, a nawet e-maile na g\u0142\u00f3wnej stronie internetowej.<\/p>\n\n\n\n<h2>Dlaczego warto kupi\u0107 konto Fileboom Premium?<\/h2>\n\n\n\n<figure class=\"wp-block-image\"><img loading=\"lazy\" width=\"678\" height=\"382\" src=\"http:\/\/fileboom.biz\/wp-content\/uploads\/2020\/10\/Fileboom-basic-features.png\" alt=\"Fileboom basic features\" class=\"wp-image-329\" srcset=\"https:\/\/fileboom.biz\/wp-content\/uploads\/2020\/10\/Fileboom-basic-features.png 678w, https:\/\/fileboom.biz\/wp-content\/uploads\/2020\/10\/Fileboom-basic-features-300x169.png 300w\" sizes=\"(max-width: 678px) 100vw, 678px\" \/><\/figure>\n\n\n\n<p>Fileboom Premium mo\u017ce da\u0107 du\u017c\u0105 przewag\u0119 miejscom pracy, a nawet studentom, kt\u00f3rzy obecnie prowadz\u0105 zaj\u0119cia online. R\u00f3wie\u015bnicy z miejsc pracy mog\u0105 z \u0142atwo\u015bci\u0105 korzysta\u0107 z serwisu, aby mie\u0107 sie\u0107 do udost\u0119pniania wa\u017cnych dokument\u00f3w i plik\u00f3w.<\/p>\n\n\n\n<p>W\u0142a\u015bciciele kont Premium Fileboom, kt\u00f3rzy s\u0105 tw\u00f3rcami tre\u015bci, mog\u0105 r\u00f3wnie\u017c w du\u017cej mierze korzysta\u0107 z us\u0142ugi hostingu plik\u00f3w. Szybki dost\u0119p, kt\u00f3ry jest mo\u017cliwy dzi\u0119ki us\u0142udze bez ogranicze\u0144 pr\u0119dko\u015bci, mo\u017ce zwi\u0119kszy\u0107 wydajno\u015b\u0107 pracy, pozwalaj\u0105c na szybkie wgrywanie i pobieranie plik\u00f3w.<\/p>\n\n\n\n<p>Firmy mog\u0105 r\u00f3wnie\u017c korzysta\u0107 z tej us\u0142ugi do d\u0142ugoterminowego tworzenia kopii zapasowych wa\u017cnych dokument\u00f3w, poniewa\u017c Fileboom Premium obejmuje szyfrowanie ka\u017cdego dost\u0119pu do plik\u00f3w. Zapewnia to, \u017ce pliki pozostan\u0105 nierozpoznawalne przez osoby trzecie.<\/p>\n\n\n\n<p>Posiadanie darmowego konta ju\u017c zapewnia przyzwoit\u0105 obs\u0142ug\u0119 z hostera plik\u00f3w, ale Fileboom Premium naprawd\u0119 oferuje wi\u0119cej dla klient\u00f3w. Dzi\u0119ki dodatkowej pami\u0119ci masowej i nieograniczonej pr\u0119dko\u015bci, mo\u017cna korzysta\u0107 z tych funkcji i u\u017cywa\u0107 ich do zwi\u0119kszenia wydajno\u015bci. Nawet studenci mog\u0105 uzyska\u0107 tak wiele korzy\u015bci z us\u0142ugi.<\/p>\n\n\n\n<h2>Ceny konta Fileboom Premium\ufeff<\/h2>\n\n\n\n<p>Istniej\u0105 g\u0142\u00f3wnie dwa rodzaje kont Fileboom, darmowe i premium. Jak sama nazwa wskazuje, podstawowe konto jest darmowe. Nie ma potrzeby korzystania z miesi\u0119cznego abonamentu, podczas gdy us\u0142uga pozostaje przyzwoita. Ten typ konta jest powszechny w przypadku kr\u00f3tkotrwa\u0142ego u\u017cytkowania, np. szybkiego transferu plik\u00f3w przez urz\u0105dzenia. Jest on r\u00f3wnie\u017c powszechnie u\u017cywany do jednorazowego pobierania plik\u00f3w.<\/p>\n\n\n\n<p>Dla u\u017cytkownik\u00f3w, kt\u00f3rzy szukaj\u0105 bardziej profesjonalnych opcji, konto Fileboom Premium jest najlepszym rozwi\u0105zaniem. Dzi\u0119ki lepszej obs\u0142udze, takiej jak szybsze pobieranie plik\u00f3w i wsparcie dla r\u00f3\u017cnych program\u00f3w, to konto jest najlepsze do d\u0142ugotrwa\u0142ego u\u017cytkowania. U\u017cytkownicy mog\u0105 r\u00f3wnie\u017c wybra\u0107 czas trwania konta Premium w zale\u017cno\u015bci od swoich potrzeb i bud\u017cetu.<\/p>\n\n\n\n<table class=\"wp-block-table\"><tbody><tr><td><br><strong>30 Dni<\/strong><\/td><td><br><strong>90 Dni <\/strong><\/td><td><br><strong>12 <\/strong>miesi\u0105ce<\/td><\/tr><tr><td><br><strong>$16.95<\/strong><\/td><td><br><strong>$41.95<\/strong><\/td><td><br><strong>$113.95<\/strong><\/td><\/tr><\/tbody><\/table>\n\n\n\n<p>Wszystkie funkcje Fileboom Premium s\u0105 dost\u0119pne dla ka\u017cdego planu, czas trwania to on;y thing that is different.<\/p>\n\n\n\n<figure class=\"wp-block-image\"><img loading=\"lazy\" width=\"955\" height=\"310\" src=\"http:\/\/fileboom.biz\/wp-content\/uploads\/2020\/10\/Payment-options.png\" alt=\"Payment options\" class=\"wp-image-328\" srcset=\"https:\/\/fileboom.biz\/wp-content\/uploads\/2020\/10\/Payment-options.png 955w, https:\/\/fileboom.biz\/wp-content\/uploads\/2020\/10\/Payment-options-300x97.png 300w, https:\/\/fileboom.biz\/wp-content\/uploads\/2020\/10\/Payment-options-768x249.png 768w\" sizes=\"(max-width: 955px) 100vw, 955px\" \/><\/figure>\n\n\n\n<p>W przypadku opcji p\u0142atno\u015bci, strona akceptuje elastycznych partner\u00f3w, takich jak <strong>VISA, MasterCard, American Express, a nawet PayPal i Bitcoin. <\/strong><\/p>\n\n\n\n<h2><strong>Fileboom Premium: <\/strong>Czy ta us\u0142uga jest tego warta?<\/h2>\n\n\n\n<figure class=\"wp-block-image\"><img loading=\"lazy\" width=\"755\" height=\"178\" src=\"http:\/\/fileboom.biz\/wp-content\/uploads\/2020\/10\/Service.png\" alt=\"Service\" class=\"wp-image-327\" srcset=\"https:\/\/fileboom.biz\/wp-content\/uploads\/2020\/10\/Service.png 755w, https:\/\/fileboom.biz\/wp-content\/uploads\/2020\/10\/Service-300x71.png 300w\" sizes=\"(max-width: 755px) 100vw, 755px\" \/><\/figure>\n\n\n\n<p>W dzisiejszych czasach zdalny dost\u0119p do plik\u00f3w jest bardzo wa\u017cny, zw\u0142aszcza teraz, gdy prawie wszystko przechodzi na transakcje online. Nawet w przypadku prac szkolnych posiadanie us\u0142ugi, kt\u00f3ra pozwala na szybsze i bezpieczniejsze przechowywanie plik\u00f3w, mo\u017ce by\u0107 dobr\u0105 inwestycj\u0105. Istnieje wiele pozytywnych opinii na temat hostera plik\u00f3w. Pomy\u015bl o tym, us\u0142uga nie b\u0119dzie trwa\u0107 tak d\u0142ugo, je\u015bli nie ma ludzi, kt\u00f3rzy ufaj\u0105 us\u0142udze. Od czasu jej powstania w 2014 roku, jest ju\u017c wielu u\u017cytkownik\u00f3w, kt\u00f3rzy nigdy nie pr\u00f3bowali przej\u015b\u0107 na inne us\u0142ugi. Cena jest r\u00f3wnie\u017c ca\u0142kiem rozs\u0105dna. Darmowy pakiet jest ju\u017c wystarczaj\u0105co dobry, ale Fileboom Premium ustawia us\u0142ug\u0119 wy\u017cej na innym poziomie.<\/p>\n\n\n\n<h2>FAQ&#8217;s <\/h2>\n\n\n\n<h3>Jak d\u0142ugo jest to bezp\u0142atna us\u0142uga? <\/h3>\n\n\n\n<p>Nie ma \u017cadnych ogranicze\u0144 dla darmowego konta, ale przechowywanie plik\u00f3w ma limity tylko 30 dni minimum. <\/p>\n\n\n\n<h3>Czy Fileboom jest legalny?\ufeff<\/h3>\n\n\n\n<p>Fileboom jest w <strong>100% legalny<\/strong>. Ka\u017cdy hoster plik\u00f3w nie b\u0119dzie trwa\u0142 przez 6 lat, je\u015bli us\u0142uga jest fa\u0142szywa. Istnieje r\u00f3wnie\u017c szereg u\u017cytkownik\u00f3w, kt\u00f3rzy mog\u0105 poprze\u0107 ten fakt. \ufeff<\/p>\n\n\n\n<h3>Sk\u0105d pochodz\u0105 filmy z tej strony?<\/h3>\n\n\n\n<p>Ka\u017cdy film na stronie pochodzi\u0142 od innych u\u017cytkownik\u00f3w serwisu. Jednak Fileboom stale sprawdza serwer pod k\u0105tem ewentualnych narusze\u0144 zasad firmy, zw\u0142aszcza materia\u0142\u00f3w pornograficznych i innych medi\u00f3w chronionych prawem autorskim. <\/p>\n\n\n\n<h3>Jaka jest maksymalna pami\u0119\u0107 dla ka\u017cdego konta?<\/h3>\n\n\n\n<p>Obecnie maksymalna ilo\u015b\u0107 pami\u0119ci na jedno konto wynosi <strong>50GB warto\u015bci plik\u00f3w<\/strong>. Obejmuje to r\u00f3wnie\u017c inne bonusy, kt\u00f3re mog\u0105 by\u0107 zmienione przez sam\u0105 firm\u0119.<\/p>\n\n\n\n<h3>Czy mog\u0119 udost\u0119pni\u0107 moje konto Fileboom Premium?<\/h3>\n\n\n\n<p>Istnieje zasada, \u017ce u\u017cytkownik nie mo\u017ce udost\u0119pnia\u0107 konta innym osobom ze wzgl\u0119du na mo\u017cliwe nadu\u017cycia serwisu, ale mo\u017ce udost\u0119pnia\u0107 dowolne pliki za po\u015brednictwem serwisu.<\/p>\n\n\n<a class=\"maxbutton-1 maxbutton maxbutton-cta\" target=\"_blank\" rel=\"nofollow noopener\" href=\"\/go\/\"><span class='mb-text'>&gt;&gt; Wejd\u017a na oryginaln\u0105 stron\u0119 Fileboom.me<\/span><\/a>\n\n\n<p><br><\/p>\n","protected":false},"excerpt":{"rendered":"<p>Fileboom to us\u0142uga hostingu plik\u00f3w, kt\u00f3ra dzia\u0142a od 2014 roku. Fileboom charakteryzuje si\u0119 du\u017c\u0105 szybko\u015bci\u0105 pobierania i wysokim przydzia\u0142em pami\u0119ci masowej dla klient\u00f3w. To jest pow\u00f3d, dla kt\u00f3rego ta us\u0142uga hostingu plik\u00f3w jest nadal jednym z najbardziej poszukiwanych hoster\u00f3w plik\u00f3w. Fileboom daje lepsze alternatywy, je\u015bli chodzi o rozwi\u0105zania pami\u0119ci masowej online. Z wi\u0119ksz\u0105 ni\u017c \u015brednia [&hellip;]<\/p>\n","protected":false},"author":6,"featured_media":0,"parent":0,"menu_order":0,"comment_status":"closed","ping_status":"closed","template":"","meta":[],"_links":{"self":[{"href":"https:\/\/fileboom.biz\/pl\/wp-json\/wp\/v2\/pages\/350"}],"collection":[{"href":"https:\/\/fileboom.biz\/pl\/wp-json\/wp\/v2\/pages"}],"about":[{"href":"https:\/\/fileboom.biz\/pl\/wp-json\/wp\/v2\/types\/page"}],"author":[{"embeddable":true,"href":"https:\/\/fileboom.biz\/pl\/wp-json\/wp\/v2\/users\/6"}],"replies":[{"embeddable":true,"href":"https:\/\/fileboom.biz\/pl\/wp-json\/wp\/v2\/comments?post=350"}],"version-history":[{"count":3,"href":"https:\/\/fileboom.biz\/pl\/wp-json\/wp\/v2\/pages\/350\/revisions"}],"predecessor-version":[{"id":383,"href":"https:\/\/fileboom.biz\/pl\/wp-json\/wp\/v2\/pages\/350\/revisions\/383"}],"wp:attachment":[{"href":"https:\/\/fileboom.biz\/pl\/wp-json\/wp\/v2\/media?parent=350"}],"curies":[{"name":"wp","href":"https:\/\/api.w.org\/{rel}","templated":true}]}}