{"id":353,"date":"2020-11-12T21:56:48","date_gmt":"2020-11-12T21:56:48","guid":{"rendered":"https:\/\/fileboom.biz\/?page_id=353"},"modified":"2020-12-08T12:38:48","modified_gmt":"2020-12-08T12:38:48","slug":"326-2","status":"publish","type":"page","link":"https:\/\/fileboom.biz\/tr\/","title":{"rendered":"Fileboom Premium Account"},"content":{"rendered":"\n<figure class=\"wp-block-image\"><img loading=\"lazy\" width=\"229\" height=\"54\" src=\"http:\/\/fileboom.biz\/wp-content\/uploads\/2020\/10\/Fileboom-logo.png\" alt=\"\" class=\"wp-image-330\"\/><\/figure>\n\n\n\n<p><strong>Fileboom<\/strong>, 2014 y\u0131l\u0131ndan beri faaliyet g\u00f6steren bir dosya bar\u0131nd\u0131rma hizmetidir. Fileboom, h\u0131zl\u0131 bir indirme h\u0131z\u0131 ve m\u00fc\u015fteriler i\u00e7in y\u00fcksek depolama tahsisleri sunar. Bu dosya bar\u0131nd\u0131rma hizmetinin hala en \u00e7ok aranan dosya bar\u0131nd\u0131rma hizmetlerinden biri olmas\u0131n\u0131n nedeni budur. Fileboom, \u00e7evrimi\u00e7i depolama \u00e7\u00f6z\u00fcmleri s\u00f6z konusu oldu\u011funda daha iyi alternatifler sunar. Ortalamadan daha y\u00fcksek indirme h\u0131z\u0131 ve \u00e7o\u011fu hizmetten daha uzun depolama s\u00fcresi ile, Fileboom kullan\u0131c\u0131lar\u0131n\u0131n temel hesaplarda bile hizmetten yararland\u0131\u011f\u0131ndan \u015f\u00fcphe yoktur.<\/p>\n\n\n<a class=\"maxbutton-1 maxbutton maxbutton-cta\" target=\"_blank\" rel=\"nofollow noopener\" href=\"\/go\/\"><span class='mb-text'>&gt;&gt; Original Fileboom.me web sitesine gidin<\/span><\/a>\n\n\n<p><\/p>\n\n\n\n<p>Fileboom, uzak depolama hizmetleri s\u00f6z konusu oldu\u011funda bir temel olmu\u015ftur. Web sitesi, dosyalar\u0131 arkada\u015flar\u0131n\u0131z ve i\u015f arkada\u015flar\u0131n\u0131z aras\u0131nda h\u0131zl\u0131 bir \u015fekilde payla\u015fmak i\u00e7in internette yayg\u0131n olarak kullan\u0131lmaktad\u0131r. Hizmet ayr\u0131ca, kullan\u0131c\u0131 dosyalar\u0131n\u0131n g\u00fcvenli\u011fini sa\u011flamak i\u00e7in yenilik\u00e7i g\u00fcvenlik \u00f6zellikleriyle \u00f6nemli dosyalar i\u00e7in uygun bir yedekleme bi\u00e7imidir. Web sitesinin ana kullan\u0131m\u0131 dosya depolama ve uzaktan eri\u015fim olsa da, kullan\u0131c\u0131lar bir\u00e7ok y\u00fcksek kaliteli videodan olu\u015fan bir kitapl\u0131ktan \u00e7evrimi\u00e7i olarak farkl\u0131 videolar da arayabilirler.<\/p>\n\n\n\n<h2>Fileboom nedir?<\/h2>\n\n\n\n<p><strong>Fileboom<\/strong> bir <strong><a rel=\"noreferrer noopener\" aria-label=\" (\u00f6ffnet in neuem Tab)\" href=\"https:\/\/searchstorage.techtarget.com\/definition\/cloud-storage-service\" target=\"_blank\">cloud based storage service<\/a><\/strong>. Bu, kullan\u0131c\u0131 internete ba\u011fl\u0131 oldu\u011fu s\u00fcrece her zaman uzaktan eri\u015filebilece\u011fi anlam\u0131na gelir. Bu eri\u015filebilirlik ayn\u0131 zamanda, bir kullan\u0131c\u0131n\u0131n her zaman ve her yerde \u00f6nemli dosyalar\u0131 kaprislerine g\u00f6re y\u00fckleme ve yedekleme yetene\u011fine sahip oldu\u011fu anlam\u0131na gelir. Foto\u011fraf\u00e7\u0131lar veya kameramanlar gibi profesyoneller i\u00e7in bu eri\u015filebilirlik, i\u015fyerinde verimlili\u011fi art\u0131rmak i\u00e7in kullan\u0131labilir. Fileboom ayr\u0131ca kullan\u0131c\u0131lar\u0131n\u0131n g\u00fcvenli\u011fini sa\u011flamak i\u00e7in zorlu g\u00fcvenlik \u00f6zellikleri sunar. \u015eifreli eri\u015fim ve \u015fifre yetenekleri gibi \u00f6zellikler, hizmetin en iyi \u00f6zelliklerinden sadece birka\u00e7\u0131d\u0131r. Hizmet ayr\u0131ca bir Premium hesap i\u00e7erir, Fileboom Premium hesab\u0131, zaten sorunsuz hizmetin bir y\u00fckseltmesidir ve yaln\u0131zca premium hesap sahiplerine \u00f6zel baz\u0131 ekstra \u00f6zellikler i\u00e7erir.<\/p>\n\n\n\n<h2>Fileboom Premium \u00d6zellikleri<\/h2>\n\n\n\n<p>Ekstra bir miktarla, bir kullan\u0131c\u0131 Premium hesaptan yararlanarak Fileboom hizmetinin kullan\u0131m\u0131n\u0131 y\u00fckseltebilir. Fileboom Premium, hizmete daha fazla alan sunar ve ayr\u0131ca \u00e7evrimi\u00e7i dosya depolama kapasitesini art\u0131r\u0131r. \u00dccretsiz hesap yeterince yararl\u0131ysa, Fileboom Premium hesab\u0131 depolama s\u0131n\u0131r\u0131, h\u0131z ve di\u011fer \u00f6zellikler s\u00f6z konusu oldu\u011funda kesinlikle ba\u015fka bir seviyededir.<\/p>\n\n\n\n<h3>S\u0131n\u0131rs\u0131z H\u0131z<\/h3>\n\n\n\n<p>\u0130ndirme h\u0131z\u0131, herhangi bir dosya bar\u0131nd\u0131rma hizmetinin \u00e7ok \u00f6nemli bir par\u00e7as\u0131d\u0131r. \u00c7o\u011fu kullan\u0131c\u0131, aboneliklerini, \u00f6nemli dosyalar\u0131na eri\u015fme konusunda bir dosya bar\u0131nd\u0131rma hizmetinin yeterince h\u0131zl\u0131 olup olmad\u0131\u011f\u0131na dayand\u0131r\u0131r. Fileboom \u00fccretsiz hesaplar\u0131 zaten basit kullan\u0131m i\u00e7in yeterince h\u0131zl\u0131d\u0131r. Ancak, korunmas\u0131 gereken a\u011f b\u00fct\u00fcnl\u00fc\u011f\u00fc nedeniyle hala s\u0131n\u0131rl\u0131d\u0131r. Fileboom Premium&#8217;a sahip olmak, kullan\u0131c\u0131lar\u0131n s\u0131n\u0131rs\u0131z h\u0131z\u0131n keyfini \u00e7\u0131karmas\u0131n\u0131 sa\u011flar. Her \u015fey internet sa\u011flay\u0131c\u0131s\u0131n\u0131n h\u0131z\u0131na dayanmaktad\u0131r.<\/p>\n\n\n\n<h3>Yerle\u015fik \u0130ndirme Y\u00f6neticisi<\/h3>\n\n\n\n<p>Dosyalara eri\u015fim s\u00f6z konusu oldu\u011funda indirme y\u00f6neticileri yararl\u0131 ara\u00e7lard\u0131r. Kullan\u0131c\u0131lar\u0131n dosya indirmelerini \u00e7ok kolay bir \u015fekilde y\u00f6netmelerini sa\u011flar. Baz\u0131lar\u0131 da sunar <strong><a href=\"https:\/\/searchnetworking.techtarget.com\/definition\/virtual-private-network\" target=\"_blank\" rel=\"noreferrer noopener\" aria-label=\" (\u00f6ffnet in neuem Tab)\">VPN <\/a><\/strong>Hizmetler. Ancak yayg\u0131n dosya bar\u0131nd\u0131r\u0131c\u0131lar\u0131 indirme y\u00f6neticileri i\u00e7in mevcut deste\u011fe sahip de\u011fildir. Fileboom Premium, kullan\u0131c\u0131lar\u0131n her t\u00fcrl\u00fc indirme y\u00f6neticisini kullanmas\u0131na izin verir. H\u0131z tehlikeye at\u0131lm\u0131\u015f olsa da, indirmeler i\u00e7in bir araca sahip olmak, taray\u0131c\u0131lar i\u00e7in varsay\u0131lan indiricilerden daha iyi bir se\u00e7enektir.<\/p>\n\n\n\n<h3>Daha Uzun Depolama S\u00fcresi<\/h3>\n\n\n\n<p>Bulut tabanl\u0131 depolama hizmetleri abonelik tabanl\u0131d\u0131r, bu nedenle bir kullan\u0131c\u0131n\u0131n sunucuda ne kadar s\u00fcreyle dosya depolayabilece\u011fine dair yaln\u0131zca bir s\u0131n\u0131r olmas\u0131 beklenir. Yayg\u0131n dosya bar\u0131nd\u0131r\u0131c\u0131lar\u0131, \u00fccretsiz kullan\u0131c\u0131lar i\u00e7in 15 g\u00fcn sunar. K\u0131sa s\u00fcreli kullan\u0131m i\u00e7in fena de\u011fil, ancak daha uzun s\u00fcreli koruma i\u00e7in b\u00fcy\u00fck dosyalar\u0131 depolamay\u0131 planl\u0131yorsan\u0131z de\u011fil. Fileboom \u00fccretsiz hesab\u0131n\u0131n, sunucuya kaydedilen t\u00fcm dosyalar i\u00e7in ayr\u0131lm\u0131\u015f 30 g\u00fcnl\u00fck bir s\u00fcresi vard\u0131r. Ancak Fileboom Premium hesap sahipleri, her dosyada 90 g\u00fcn gibi daha uzun bir s\u00fcreye sahip olabilir. Kullan\u0131c\u0131lar dosyalar\u0131 buluta kaydedebilir ve dosyalar\u0131n\u0131n g\u00fcvenli\u011fi konusunda endi\u015felenmezler.<\/p>\n\n\n\n<h3>Bir Seferde Birden Fazla \u0130ndirme<\/h3>\n\n\n\n<p>Baz\u0131 kullan\u0131c\u0131lar i\u00e7in bir seferde birden fazla dosyaya eri\u015fme yetene\u011fi b\u00fcy\u00fck bir avantajd\u0131r. Kullan\u0131c\u0131lar i\u00e7in eri\u015filebilirli\u011fi art\u0131r\u0131r. Dosya bar\u0131nd\u0131rma hizmetlerindeki \u00fccretsiz hesaplar\u0131n bir seferde yaln\u0131zca bir dosyaya eri\u015febilmesi \u00e7ok yayg\u0131nd\u0131r. \u0130ndirme ba\u015flamadan \u00f6nce her dosyan\u0131n do\u011frulanmas\u0131 gerekti\u011fi d\u00fc\u015f\u00fcn\u00fcld\u00fc\u011f\u00fcnde olduk\u00e7a acele. Fileboom Premium hesab\u0131, kullan\u0131c\u0131lar\u0131n bulut depolama alan\u0131ndan herhangi bir say\u0131da dosyaya eri\u015fmesini sa\u011flar. Bu \u00f6zellik, \u00f6rne\u011fin, ayn\u0131 anda birka\u00e7 dosyaya her zaman eri\u015filmesi gereken i\u015f yerlerinde verimlili\u011fi art\u0131rabilir.<\/p>\n\n\n\n<h3>Noah ds<\/h3>\n\n\n\n<p>Elbette, gelir elde etmek i\u00e7in web sitesi reklamlar ve pop-up&#8217;lar i\u00e7erir. \u00dccretsiz kullan\u0131c\u0131lar, dosya bar\u0131nd\u0131rma hizmetini kullan\u0131rken g\u00fcnl\u00fck olarak bu reklamlara tabi tutulur. Bir Premium hesaba sahip olmak, reklamlar\u0131 tamamen kald\u0131r\u0131r, ancak kullan\u0131c\u0131lar\u0131n dosya bar\u0131nd\u0131rma hizmetini sorunsuz ve kusursuz bir \u015fekilde kullanabilmelerini sa\u011flar.<\/p>\n\n\n\n<h3>Daha Y\u00fcksek G\u00fcnl\u00fck Limit<\/h3>\n\n\n\n<p>Fileboom Premium hesab\u0131 ile kullan\u0131c\u0131lar toplamda 20 GB de\u011ferinde indirme her g\u00fcn, \u00fccretsiz kullan\u0131c\u0131 ise saatte sadece 1 dosya indirebilir. Toplamda, g\u00fcnl\u00fck 20 GB s\u0131n\u0131r\u0131, \u00f6zellikle birden \u00e7ok dosya i\u00e7in daha etkilidir.<\/p>\n\n\n<a class=\"maxbutton-1 maxbutton maxbutton-cta\" target=\"_blank\" rel=\"nofollow noopener\" href=\"\/go\/\"><span class='mb-text'>&gt;&gt; Original Fileboom.me web sitesine gidin<\/span><\/a>\n\n\n<p><\/p>\n\n\n\n<h3>Video ak\u0131\u015f\u0131<\/h3>\n\n\n\n<p>Yaln\u0131zca bulut tabanl\u0131 bir depolama alan\u0131 de\u011fil, Fileboom ayn\u0131 zamanda ak\u0131\u015f hizmetleri de sunar. Fileboom Premium sahipleri, web sitesindeki herhangi bir videoyu indirmeye gerek kalmadan do\u011frudan izleyebilir. Oynat\u0131c\u0131 ayr\u0131ca HD ve 4K videolar\u0131 da destekler.<\/p>\n\n\n\n<h3>An\u0131nda \u0130ndirmeler<\/h3>\n\n\n\n<p>Beklemenize gerek yok, Fileboom Premium an\u0131nda indirilmeye ba\u015flar. 30 saniye beklemesi ve captcha&#8217;lardan ge\u00e7mesi gereken \u00fccretsiz hesaplar gibi de\u011fil.<\/p>\n\n\n\n<h3>\u0130ndirme \u0130\u015flemlerini \u0130stedi\u011finiz Zaman Devam Ettirin<\/h3>\n\n\n\n<p>Bazen, herhangi bir nedenle dosya indirmelerinin iptal edilmesi gerekir. Herhangi bir indirmeyi iptal etme ihtiyac\u0131 duymak, \u00f6zellikle de b\u00fcy\u00fck boyutlu olanlar bir g\u00fc\u00e7l\u00fckt\u00fcr. Bununla birlikte, Fileboom Premium, bir kullan\u0131c\u0131 istedi\u011fi zaman indirmelerin duraklat\u0131lmas\u0131na izin verir.<\/p>\n\n\n\n<h3>G\u00fcvenlik \u00f6zellikleri<\/h3>\n\n\n\n<p>Dosya g\u00fcvenli\u011fi, bir dosya bar\u0131nd\u0131r\u0131c\u0131 se\u00e7erken \u00f6nemli bir fakt\u00f6rd\u00fcr. G\u00f6z \u00f6n\u00fcnde bulundurulmas\u0131 gereken iyi bir \u015fey, hizmetin her dosya eri\u015fimine \u015fifreleme sunup sunmad\u0131\u011f\u0131d\u0131r. Fileboom Premium\u2019un \u015fifreli indirmeleri, kullan\u0131c\u0131lar\u0131n g\u00fcvenli\u011fini ve anonimli\u011fini sa\u011flar. \u015eifreleme, kimli\u011fin ve di\u011fer hassas bilgilerin di\u011fer \u015fah\u0131slar i\u00e7in mevcut olmamas\u0131n\u0131 sa\u011flar. Ayr\u0131ca dosyalar\u0131n \u00e7evrimi\u00e7i k\u00f6t\u00fc niyetli ki\u015filer taraf\u0131ndan \u00e7al\u0131nmamas\u0131n\u0131 da sa\u011flar.<\/p>\n\n\n\n<h3>G\u00fcvenilir M\u00fc\u015fteri Deste\u011fi<\/h3>\n\n\n\n<p>Sorular ve \u00f6neriler m\u00fc\u015fteri hizmetleri arac\u0131l\u0131\u011f\u0131yla kolayca kabul edilir. Bir kullan\u0131c\u0131n\u0131n endi\u015feleri varsa, M\u00fc\u015fteri Hizmetleri her zaman canl\u0131 sohbet, telefon g\u00f6r\u00fc\u015fmesi ve hatta ana web sitesindeki e-postalar arac\u0131l\u0131\u011f\u0131yla kullan\u0131labilir.<\/p>\n\n\n\n<h2>Neden Fileboom Premium Hesab\u0131 Sat\u0131n Almal\u0131s\u0131n\u0131z?<\/h2>\n\n\n\n<figure class=\"wp-block-image\"><img loading=\"lazy\" width=\"678\" height=\"382\" src=\"http:\/\/fileboom.biz\/wp-content\/uploads\/2020\/10\/Fileboom-basic-features.png\" alt=\"Fileboom basic features\" class=\"wp-image-329\" srcset=\"https:\/\/fileboom.biz\/wp-content\/uploads\/2020\/10\/Fileboom-basic-features.png 678w, https:\/\/fileboom.biz\/wp-content\/uploads\/2020\/10\/Fileboom-basic-features-300x169.png 300w\" sizes=\"(max-width: 678px) 100vw, 678px\" \/><\/figure>\n\n\n\n<p>Fileboom Premium, i\u015f yerlerine ve hatta \u015fu anda \u00e7evrimi\u00e7i dersler yapan \u00f6\u011frencilere b\u00fcy\u00fck bir avantaj sa\u011flayabilir. \u0130\u015f yerlerinden meslekta\u015flar, \u00f6nemli belgeleri ve dosyalar\u0131 payla\u015fmak i\u00e7in bir a\u011fa sahip olmak i\u00e7in hizmeti kolayca kullanabilir.<\/p>\n\n\n\n<p>\u0130\u00e7erik olu\u015fturucu olan Fileboom Premium hesap sahipleri de b\u00fcy\u00fck \u00f6l\u00e7\u00fcde dosya bar\u0131nd\u0131rma hizmetinden yararlanabilir. Hizmetin h\u0131z s\u0131n\u0131r\u0131 olmamas\u0131 nedeniyle m\u00fcmk\u00fcn olan h\u0131zl\u0131 eri\u015fim, dosyalar\u0131n h\u0131zl\u0131 y\u00fcklenmesine ve indirilmesine izin vererek ki\u015finin \u00e7al\u0131\u015fma verimlili\u011fini art\u0131rabilir.<\/p>\n\n\n\n<p>Fileboom Premium her dosya eri\u015fimine \u015fifreleme i\u00e7erdi\u011finden, \u015firketler hizmeti \u00f6nemli belgelerin uzun vadeli yedeklemeleri i\u00e7in de kullanabilir. Bu, dosyalar\u0131n d\u0131\u015f taraflarca ke\u015ffedilemez kalmas\u0131n\u0131 sa\u011flar.<\/p>\n\n\n\n<p>\u00dccretsiz hesaba sahip olmak zaten dosya bar\u0131nd\u0131r\u0131c\u0131dan iyi bir hizmet sa\u011fl\u0131yor, ancak Fileboom Premium ger\u00e7ekten m\u00fc\u015fterilere daha fazlas\u0131n\u0131 sunuyor. Eklenen depolama alan\u0131 ve s\u0131n\u0131rs\u0131z h\u0131zlarla, bu \u00f6zelliklerden yararlan\u0131labilir ve \u00fcretkenli\u011fi art\u0131rmak i\u00e7in kullan\u0131labilir. \u00d6\u011frenciler bile hizmetten \u00e7ok fazla avantaj elde edebilir.<\/p>\n\n\n\n<h2>Fileboom Premium Hesap Fiyatlar\u0131<\/h2>\n\n\n\n<p>Temel olarak iki t\u00fcr Fileboom hesab\u0131 vard\u0131r, \u00fccretsiz ve premium. Ad\u0131ndan da anla\u015f\u0131laca\u011f\u0131 gibi temel hesap \u00fccretsizdir. Hizmet iyi kal\u0131rken ayl\u0131k aboneli\u011fe gerek yok. Bu t\u00fcr bir hesap, dosyalar\u0131n cihazlar arac\u0131l\u0131\u011f\u0131yla h\u0131zl\u0131 aktar\u0131m\u0131 gibi k\u0131sa s\u00fcreli kullan\u0131m i\u00e7in yayg\u0131nd\u0131r. Bu ayn\u0131 zamanda bir kerelik indirmeler i\u00e7in de yayg\u0131n olarak kullan\u0131l\u0131r.<\/p>\n\n\n\n<p>Daha profesyonel se\u00e7enekler arayan kullan\u0131c\u0131lar i\u00e7in bir Fileboom Premium hesab\u0131 gitmenin en iyi yoludur. Daha h\u0131zl\u0131 indirme gibi daha iyi hizmet ve farkl\u0131 \u00e7e\u015fitli yaz\u0131l\u0131mlar i\u00e7in bu hesap, uzun s\u00fcreli kullan\u0131m i\u00e7in en iyisidir. Kullan\u0131c\u0131lar, ihtiya\u00e7lar\u0131na ve b\u00fct\u00e7elerine ba\u011fl\u0131 olarak Premium hesab\u0131n s\u00fcresini de se\u00e7ebilirler.<\/p>\n\n\n\n<table class=\"wp-block-table\"><tbody><tr><td><br><strong>30 G\u00fcnler<\/strong><\/td><td><br><strong>90 G\u00fcnler<\/strong><\/td><td><br><strong>12 aylar<\/strong><\/td><\/tr><tr><td><br><strong>$16.95<\/strong><\/td><td><br><strong>$41.95<\/strong><\/td><td><br><strong>$113.95<\/strong><\/td><\/tr><\/tbody><\/table>\n\n\n\n<p>T\u00fcm Fileboom Premium \u00f6zellikleri her plan i\u00e7in mevcuttur, s\u00fcresi a\u00e7\u0131kt\u0131r; y farkl\u0131 olan \u015fey.<\/p>\n\n\n\n<figure class=\"wp-block-image\"><img loading=\"lazy\" width=\"955\" height=\"310\" src=\"http:\/\/fileboom.biz\/wp-content\/uploads\/2020\/10\/Payment-options.png\" alt=\"Payment options\" class=\"wp-image-328\" srcset=\"https:\/\/fileboom.biz\/wp-content\/uploads\/2020\/10\/Payment-options.png 955w, https:\/\/fileboom.biz\/wp-content\/uploads\/2020\/10\/Payment-options-300x97.png 300w, https:\/\/fileboom.biz\/wp-content\/uploads\/2020\/10\/Payment-options-768x249.png 768w\" sizes=\"(max-width: 955px) 100vw, 955px\" \/><\/figure>\n\n\n\n<p>\u00d6deme se\u00e7enekleri i\u00e7in, web sitesi a\u015fa\u011f\u0131daki gibi esnek ortaklar\u0131 kabul eder: VISA, MasterCard, American Express ve hatta PayPal ve Bitcoin.<\/p>\n\n\n\n<h2>Fileboom Premium: Hizmet Buna De\u011fer mi?<\/h2>\n\n\n\n<figure class=\"wp-block-image\"><img loading=\"lazy\" width=\"755\" height=\"178\" src=\"http:\/\/fileboom.biz\/wp-content\/uploads\/2020\/10\/Service.png\" alt=\"Service\" class=\"wp-image-327\" srcset=\"https:\/\/fileboom.biz\/wp-content\/uploads\/2020\/10\/Service.png 755w, https:\/\/fileboom.biz\/wp-content\/uploads\/2020\/10\/Service-300x71.png 300w\" sizes=\"(max-width: 755px) 100vw, 755px\" \/><\/figure>\n\n\n\n<p>G\u00fcn\u00fcm\u00fczde dosyalara uzaktan eri\u015fim \u00e7ok \u00f6nemlidir, \u00f6zellikle de art\u0131k hemen hemen her \u015fey \u00e7evrimi\u00e7i i\u015flemlere kaymaktad\u0131r. Okul \u00e7al\u0131\u015fmalar\u0131 i\u00e7in bile, daha h\u0131zl\u0131 ve daha g\u00fcvenli dosya depolamaya izin veren bir hizmete sahip olmak iyi bir yat\u0131r\u0131m olabilir. Dosya bar\u0131nd\u0131r\u0131c\u0131 i\u00e7in bir dizi olumlu geri bildirim var. Bir d\u00fc\u015f\u00fcn\u00fcn, hizmete g\u00fcvenen kimse yoksa bir hizmet bu kadar uzun s\u00fcrmez. 2014&#8217;teki ba\u015flang\u0131c\u0131ndan bu yana, ba\u015fka hizmetlere ge\u00e7me giri\u015fiminde bulunmayan \u00e7ok say\u0131da kullan\u0131c\u0131 var. Fiyat\u0131 da olduk\u00e7a makul. \u00dccretsiz paket zaten yeterince iyi, ancak Fileboom Premium hizmeti ba\u015fka bir seviyeye y\u00fckseltiyor.<\/p>\n\n\n\n<h2>FAQ\u2019s <\/h2>\n\n\n\n<h3>\u00dccretsiz hizmet ne kadard\u0131r?<\/h3>\n\n\n\n<p>\u00dccretsiz hesap i\u00e7in herhangi bir s\u0131n\u0131rlama yoktur, ancak dosya depolama, dosyalar i\u00e7in yaln\u0131zca 30 g\u00fcnl\u00fck minimum s\u0131n\u0131rlara sahiptir.<\/p>\n\n\n\n<h3>Fileboom yasal m\u0131?<\/h3>\n\n\n\n<p>Fileboom% <strong>100 yasald\u0131r<\/strong>. Hizmet sahte ise herhangi bir dosya bar\u0131nd\u0131r\u0131c\u0131s\u0131 6 y\u0131l dayanmaz. Bu ger\u00e7e\u011fi destekleyebilecek birka\u00e7 kullan\u0131c\u0131 da var.<\/p>\n\n\n\n<h3>Web sitesindeki videolar nereden geliyor?<\/h3>\n\n\n\n<p>Web sitesindeki her video, hizmetin di\u011fer kullan\u0131c\u0131lar\u0131ndan geldi. Bununla birlikte, Fileboom, \u00f6zellikle pornografik materyaller ve di\u011fer telif hakk\u0131yla korunan medya olmak \u00fczere, \u015eirket Politikas\u0131n\u0131n olas\u0131 ihlallerine kar\u015f\u0131 s\u00fcrekli olarak sunucuyu kontrol eder.<\/p>\n\n\n\n<h3>Her hesap i\u00e7in maksimum depo<strong>lama a<\/strong>lan\u0131 nedir?<\/h3>\n\n\n\n<p>\u015eu anda hesap ba\u015f\u0131na maksimum depolama alan\u0131 50 GB de\u011ferinde dosya. Buna, \u015firketin kendisi taraf\u0131ndan de\u011fi\u015ftirilebilecek di\u011fer bonuslar da dahildir.<\/p>\n\n\n\n<h3>Fileboom Premium hesab\u0131m\u0131 payla\u015fabilir miyim?<\/h3>\n\n\n\n<p>Hizmetin k\u00f6t\u00fcye kullan\u0131lmas\u0131 olas\u0131l\u0131\u011f\u0131ndan dolay\u0131 bir kullan\u0131c\u0131n\u0131n hesab\u0131 ba\u015fkalar\u0131yla payla\u015famayaca\u011f\u0131, ancak kullan\u0131c\u0131lar\u0131n istedikleri dosyalar\u0131 hizmet arac\u0131l\u0131\u011f\u0131yla payla\u015fabilece\u011fi bir politika vard\u0131r.<\/p>\n\n\n<a class=\"maxbutton-1 maxbutton maxbutton-cta\" target=\"_blank\" rel=\"nofollow noopener\" href=\"\/go\/\"><span class='mb-text'>&gt;&gt; Original Fileboom.me web sitesine gidin<\/span><\/a>\n\n\n<p><br><\/p>\n","protected":false},"excerpt":{"rendered":"<p>Fileboom, 2014 y\u0131l\u0131ndan beri faaliyet g\u00f6steren bir dosya bar\u0131nd\u0131rma hizmetidir. Fileboom, h\u0131zl\u0131 bir indirme h\u0131z\u0131 ve m\u00fc\u015fteriler i\u00e7in y\u00fcksek depolama tahsisleri sunar. Bu dosya bar\u0131nd\u0131rma hizmetinin hala en \u00e7ok aranan dosya bar\u0131nd\u0131rma hizmetlerinden biri olmas\u0131n\u0131n nedeni budur. Fileboom, \u00e7evrimi\u00e7i depolama \u00e7\u00f6z\u00fcmleri s\u00f6z konusu oldu\u011funda daha iyi alternatifler sunar. Ortalamadan daha y\u00fcksek indirme h\u0131z\u0131 ve \u00e7o\u011fu [&hellip;]<\/p>\n","protected":false},"author":6,"featured_media":0,"parent":0,"menu_order":0,"comment_status":"closed","ping_status":"closed","template":"","meta":[],"_links":{"self":[{"href":"https:\/\/fileboom.biz\/tr\/wp-json\/wp\/v2\/pages\/353"}],"collection":[{"href":"https:\/\/fileboom.biz\/tr\/wp-json\/wp\/v2\/pages"}],"about":[{"href":"https:\/\/fileboom.biz\/tr\/wp-json\/wp\/v2\/types\/page"}],"author":[{"embeddable":true,"href":"https:\/\/fileboom.biz\/tr\/wp-json\/wp\/v2\/users\/6"}],"replies":[{"embeddable":true,"href":"https:\/\/fileboom.biz\/tr\/wp-json\/wp\/v2\/comments?post=353"}],"version-history":[{"count":3,"href":"https:\/\/fileboom.biz\/tr\/wp-json\/wp\/v2\/pages\/353\/revisions"}],"predecessor-version":[{"id":387,"href":"https:\/\/fileboom.biz\/tr\/wp-json\/wp\/v2\/pages\/353\/revisions\/387"}],"wp:attachment":[{"href":"https:\/\/fileboom.biz\/tr\/wp-json\/wp\/v2\/media?parent=353"}],"curies":[{"name":"wp","href":"https:\/\/api.w.org\/{rel}","templated":true}]}}